{"id":6190,"date":"2026-04-21T12:50:44","date_gmt":"2026-04-21T10:50:44","guid":{"rendered":"https:\/\/neovaria.eu\/shop\/produkt\/bedienpanel-f-drucktaster-3-fach-blau-eloxiert-gelasert\/"},"modified":"2026-04-21T13:55:27","modified_gmt":"2026-04-21T11:55:27","slug":"bedienpanel-f-drucktaster-3-fach-blau-eloxiert-gelasert","status":"publish","type":"product","link":"https:\/\/neovaria.eu\/shop\/produkt\/bedienpanel-f-drucktaster-3-fach-blau-eloxiert-gelasert\/","title":{"rendered":"Bedienpanel f. Drucktaster, 3-fach, blau eloxiert, gelasert"},"content":{"rendered":"<p>Bedienpanel f\u00fcr Drucktaster beleuchtet, 3-fach, blau eloxiert, gelasert<\/p>\n<p>&nbsp;<\/p>\n<p><i><u>***ACHTUNG***<\/u><\/i><\/p>\n<p><i><u>&#8211; Fertigungstechnisch sind \u00dcberst\u00e4nde vom Material und Farbabweichungen bei den Oberfl\u00e4chen nicht auszuschlie\u00dfen<\/u><\/i><\/p>\n<p><i><u>&#8211; Lieferung erfolgt ohne Drucktaster und ohne Befestigungsmaterial<\/u><\/i><\/p>\n<p><i><u>&#8211; F\u00fcr die erstmalige Artikelanlage mit Logo und\/oder Marke berechnen wir zus. 30 \u20ac pro Panel<\/u><\/i><\/p>\n<p><i><u>***ACHTUNG***<\/u><\/i><\/p>\n","protected":false},"excerpt":{"rendered":"<p>Mindestbestellmenge 50 Stk. <\/p>\n","protected":false},"featured_media":0,"comment_status":"open","ping_status":"closed","template":"","meta":[],"product_brand":[],"product_cat":[74,196],"product_tag":[],"class_list":{"0":"post-6190","1":"product","2":"type-product","3":"status-publish","5":"product_cat-montagematerial-elektrik","6":"product_cat-schalter-diverses","8":"first","9":"outofstock","10":"taxable","11":"shipping-taxable","12":"purchasable","13":"product-type-simple"},"_links":{"self":[{"href":"https:\/\/neovaria.eu\/shop\/wp-json\/wp\/v2\/product\/6190","targetHints":{"allow":["GET"]}}],"collection":[{"href":"https:\/\/neovaria.eu\/shop\/wp-json\/wp\/v2\/product"}],"about":[{"href":"https:\/\/neovaria.eu\/shop\/wp-json\/wp\/v2\/types\/product"}],"replies":[{"embeddable":true,"href":"https:\/\/neovaria.eu\/shop\/wp-json\/wp\/v2\/comments?post=6190"}],"wp:attachment":[{"href":"https:\/\/neovaria.eu\/shop\/wp-json\/wp\/v2\/media?parent=6190"}],"wp:term":[{"taxonomy":"product_brand","embeddable":true,"href":"https:\/\/neovaria.eu\/shop\/wp-json\/wp\/v2\/product_brand?post=6190"},{"taxonomy":"product_cat","embeddable":true,"href":"https:\/\/neovaria.eu\/shop\/wp-json\/wp\/v2\/product_cat?post=6190"},{"taxonomy":"product_tag","embeddable":true,"href":"https:\/\/neovaria.eu\/shop\/wp-json\/wp\/v2\/product_tag?post=6190"}],"curies":[{"name":"wp","href":"https:\/\/api.w.org\/{rel}","templated":true}]}}