{"id":6000,"date":"2025-12-17T08:32:26","date_gmt":"2025-12-17T07:32:26","guid":{"rendered":"https:\/\/neovaria.eu\/shop\/produkt\/leitertraeger-hinten-fuer-renault-master\/"},"modified":"2025-12-18T20:37:55","modified_gmt":"2025-12-18T19:37:55","slug":"leitertraeger-hinten-fuer-renault-master","status":"publish","type":"product","link":"https:\/\/neovaria.eu\/shop\/produkt\/leitertraeger-hinten-fuer-renault-master\/","title":{"rendered":"Leitertr\u00e4ger hinten f\u00fcr Renault Master"},"content":{"rendered":"<p>Leitertr\u00e4ger hinten f\u00fcr Renault Master<\/p>\n<p>Pritschenbreite 2040 mm, feuerverzinkt, inkl. Gummiauflageprofil<\/p>\n<p>&nbsp;<\/p>\n<p>Traglast 100 kg<\/p>\n<p>Gewicht 17 kg<\/p>\n","protected":false},"excerpt":{"rendered":"<p>Leitertr\u00e4ger hinten f\u00fcr Renault Master Pritschenbreite 2040 mm, feuerverzinkt, inkl. Gummiauflageprofil &nbsp; Traglast 100 kg Gewicht 17 kg<\/p>\n","protected":false},"featured_media":0,"comment_status":"open","ping_status":"closed","template":"","meta":[],"product_brand":[],"product_cat":[119,234],"product_tag":[],"class_list":{"0":"post-6000","1":"product","2":"type-product","3":"status-publish","5":"product_cat-leitergestelle","6":"product_cat-leitergestelle-fuer-opel","8":"first","9":"onbackorder","10":"taxable","11":"shipping-taxable","12":"purchasable","13":"product-type-simple"},"_links":{"self":[{"href":"https:\/\/neovaria.eu\/shop\/wp-json\/wp\/v2\/product\/6000","targetHints":{"allow":["GET"]}}],"collection":[{"href":"https:\/\/neovaria.eu\/shop\/wp-json\/wp\/v2\/product"}],"about":[{"href":"https:\/\/neovaria.eu\/shop\/wp-json\/wp\/v2\/types\/product"}],"replies":[{"embeddable":true,"href":"https:\/\/neovaria.eu\/shop\/wp-json\/wp\/v2\/comments?post=6000"}],"wp:attachment":[{"href":"https:\/\/neovaria.eu\/shop\/wp-json\/wp\/v2\/media?parent=6000"}],"wp:term":[{"taxonomy":"product_brand","embeddable":true,"href":"https:\/\/neovaria.eu\/shop\/wp-json\/wp\/v2\/product_brand?post=6000"},{"taxonomy":"product_cat","embeddable":true,"href":"https:\/\/neovaria.eu\/shop\/wp-json\/wp\/v2\/product_cat?post=6000"},{"taxonomy":"product_tag","embeddable":true,"href":"https:\/\/neovaria.eu\/shop\/wp-json\/wp\/v2\/product_tag?post=6000"}],"curies":[{"name":"wp","href":"https:\/\/api.w.org\/{rel}","templated":true}]}}