{"id":5998,"date":"2025-12-17T08:17:47","date_gmt":"2025-12-17T07:17:47","guid":{"rendered":"https:\/\/neovaria.eu\/shop\/produkt\/leitertraeger-hinten-fuer-mercedes-benz-sprinter\/"},"modified":"2025-12-18T20:36:45","modified_gmt":"2025-12-18T19:36:45","slug":"leitertraeger-hinten-fuer-mercedes-benz-sprinter","status":"publish","type":"product","link":"https:\/\/neovaria.eu\/shop\/produkt\/leitertraeger-hinten-fuer-mercedes-benz-sprinter\/","title":{"rendered":"Leitertr\u00e4ger hinten f\u00fcr Mercedes- Benz Sprinter"},"content":{"rendered":"<p>Leitertr\u00e4ger hinten f\u00fcr Ford Transit<\/p>\n<p>Pritschenbreite 2030 mm, feuerverzinkt, inkl. Gummiauflageprofil<\/p>\n<p><b>&#8211; Traglast 100 kg-\u00a0<\/b><\/p>\n","protected":false},"excerpt":{"rendered":"<p>Leitertr\u00e4ger hinten f\u00fcr Ford Transit Pritschenbreite 2030 mm, feuerverzinkt, inkl. Gummiauflageprofil &#8211; Traglast 100 kg-\u00a0<\/p>\n","protected":false},"featured_media":5999,"comment_status":"open","ping_status":"closed","template":"","meta":[],"product_brand":[],"product_cat":[119,232,78],"product_tag":[],"class_list":{"0":"post-5998","1":"product","2":"type-product","3":"status-publish","4":"has-post-thumbnail","6":"product_cat-leitergestelle","7":"product_cat-leitergestelle-fuer-ford","8":"product_cat-zubehoer-fahrzeugbau","10":"first","11":"onbackorder","12":"taxable","13":"shipping-taxable","14":"purchasable","15":"product-type-simple"},"_links":{"self":[{"href":"https:\/\/neovaria.eu\/shop\/wp-json\/wp\/v2\/product\/5998","targetHints":{"allow":["GET"]}}],"collection":[{"href":"https:\/\/neovaria.eu\/shop\/wp-json\/wp\/v2\/product"}],"about":[{"href":"https:\/\/neovaria.eu\/shop\/wp-json\/wp\/v2\/types\/product"}],"replies":[{"embeddable":true,"href":"https:\/\/neovaria.eu\/shop\/wp-json\/wp\/v2\/comments?post=5998"}],"wp:featuredmedia":[{"embeddable":true,"href":"https:\/\/neovaria.eu\/shop\/wp-json\/wp\/v2\/media\/5999"}],"wp:attachment":[{"href":"https:\/\/neovaria.eu\/shop\/wp-json\/wp\/v2\/media?parent=5998"}],"wp:term":[{"taxonomy":"product_brand","embeddable":true,"href":"https:\/\/neovaria.eu\/shop\/wp-json\/wp\/v2\/product_brand?post=5998"},{"taxonomy":"product_cat","embeddable":true,"href":"https:\/\/neovaria.eu\/shop\/wp-json\/wp\/v2\/product_cat?post=5998"},{"taxonomy":"product_tag","embeddable":true,"href":"https:\/\/neovaria.eu\/shop\/wp-json\/wp\/v2\/product_tag?post=5998"}],"curies":[{"name":"wp","href":"https:\/\/api.w.org\/{rel}","templated":true}]}}