{"id":5812,"date":"2025-09-03T17:19:12","date_gmt":"2025-09-03T15:19:12","guid":{"rendered":"https:\/\/neovaria.eu\/shop\/produkt\/universal-dimmer\/"},"modified":"2025-11-24T13:12:53","modified_gmt":"2025-11-24T12:12:53","slug":"universal-dimmer","status":"publish","type":"product","link":"https:\/\/neovaria.eu\/shop\/produkt\/universal-dimmer\/","title":{"rendered":"Universal Dimmer"},"content":{"rendered":"<p>Der LED Dimmer F-DMS-500 wurde f\u00fcr sanftes, flackerfreies Dimmen aller konstanten Spannungs-LED-Module entwickelt, einschlie\u00dflich MR16-Gl\u00fchbirnen sowie 12V\/24V Gl\u00fch- und Halogenlampen.<\/p>\n<p>Es ist der ideale LED-Dimmer f\u00fcr jede Anwendung, die eine Niedervolt-Gleichstrombeleuchtung erfordert, sei es im Automotive oder in gewerblichen und industriellen Anwendungen. Sie k\u00f6nnen in Freizeitfahrzeugen (Wohnmobilen), Mobilheimen und anderen Fahrzeugen wie Bussen, Rettungsfahrzeugen oder KEP-Fahrzeugen verwendet werden, bei denen die negative Verbindung mit dem gemeinsamen Boden\/Chassis verbunden ist.<\/p>\n<p>L\u00e4nge (mm): 96<\/p>\n<p>Breite (mm): 40<\/p>\n<p>H\u00f6he (mm): 20<\/p>\n<p>Geh\u00e4usefarbe: wei\u00df\/gr\u00fcn<\/p>\n<p>Gewicht (gramm): 65<\/p>\n<p>Schutzklasse: IP40<\/p>\n<p>&nbsp;<\/p>\n","protected":false},"excerpt":{"rendered":"<p>Mindestbestellmenge 4 Stk.<\/p>\n","protected":false},"featured_media":0,"comment_status":"open","ping_status":"closed","template":"","meta":[],"product_brand":[],"product_cat":[71,240,241],"product_tag":[],"class_list":{"0":"post-5812","1":"product","2":"type-product","3":"status-publish","5":"product_cat-leuchten","6":"product_cat-leuchten-zubehoer","7":"product_cat-multivolt","9":"first","10":"onbackorder","11":"taxable","12":"shipping-taxable","13":"purchasable","14":"product-type-simple"},"_links":{"self":[{"href":"https:\/\/neovaria.eu\/shop\/wp-json\/wp\/v2\/product\/5812","targetHints":{"allow":["GET"]}}],"collection":[{"href":"https:\/\/neovaria.eu\/shop\/wp-json\/wp\/v2\/product"}],"about":[{"href":"https:\/\/neovaria.eu\/shop\/wp-json\/wp\/v2\/types\/product"}],"replies":[{"embeddable":true,"href":"https:\/\/neovaria.eu\/shop\/wp-json\/wp\/v2\/comments?post=5812"}],"wp:attachment":[{"href":"https:\/\/neovaria.eu\/shop\/wp-json\/wp\/v2\/media?parent=5812"}],"wp:term":[{"taxonomy":"product_brand","embeddable":true,"href":"https:\/\/neovaria.eu\/shop\/wp-json\/wp\/v2\/product_brand?post=5812"},{"taxonomy":"product_cat","embeddable":true,"href":"https:\/\/neovaria.eu\/shop\/wp-json\/wp\/v2\/product_cat?post=5812"},{"taxonomy":"product_tag","embeddable":true,"href":"https:\/\/neovaria.eu\/shop\/wp-json\/wp\/v2\/product_tag?post=5812"}],"curies":[{"name":"wp","href":"https:\/\/api.w.org\/{rel}","templated":true}]}}