{"id":5588,"date":"2025-05-18T14:16:13","date_gmt":"2025-05-18T12:16:13","guid":{"rendered":"https:\/\/neovaria.eu\/shop\/produkt\/airlineschiene-halbrund-gebohrt-aluminium-schwarz-eloxiert-3000-mm\/"},"modified":"2025-05-18T22:36:26","modified_gmt":"2025-05-18T20:36:26","slug":"airlineschiene-halbrund-gebohrt-aluminium-schwarz-eloxiert-3000-mm","status":"publish","type":"product","link":"https:\/\/neovaria.eu\/shop\/produkt\/airlineschiene-halbrund-gebohrt-aluminium-schwarz-eloxiert-3000-mm\/","title":{"rendered":"Airlineschiene halbrund, gebohrt, Aluminium schwarz eloxiert, 3000 mm"},"content":{"rendered":"<p>Airlineschiene halbrund, gebohrt, Aluminium schwarz eloxiert, 3000 mm\u00a0mit Senkbohrungen und Klebekanal, f\u00fcr horizontale und vertikale Wand- sowie Bodenmontage, L\u00e4nge 3000 mm, kompatibel mit Kombizapfen \u00d8 19\/24 mm, allen Airline-Endbeschl\u00e4gen<\/p>\n<p>L\u00e4nge:\u00a03000 mm<\/p>\n<p>Breite:\u00a050 mm<\/p>\n<p>Material:\u00a0Aluminium<\/p>\n<p>Oberfl\u00e4che:\u00a0Schwarz eloxiert<\/p>\n<p>Einbaugebiet:\u00a0Wand vertikal\/horizontal &#8211; Boden<\/p>\n","protected":false},"excerpt":{"rendered":"<p>Mindestbestellmenge 10 Stk.<\/p>\n","protected":false},"featured_media":5587,"comment_status":"open","ping_status":"closed","template":"","meta":[],"product_brand":[],"product_cat":[137,72],"product_tag":[],"class_list":{"0":"post-5588","1":"product","2":"type-product","3":"status-publish","4":"has-post-thumbnail","6":"product_cat-airlineschienen","7":"product_cat-ladungssicherungsprodukte","9":"first","10":"onbackorder","11":"taxable","12":"shipping-taxable","13":"purchasable","14":"product-type-simple"},"_links":{"self":[{"href":"https:\/\/neovaria.eu\/shop\/wp-json\/wp\/v2\/product\/5588","targetHints":{"allow":["GET"]}}],"collection":[{"href":"https:\/\/neovaria.eu\/shop\/wp-json\/wp\/v2\/product"}],"about":[{"href":"https:\/\/neovaria.eu\/shop\/wp-json\/wp\/v2\/types\/product"}],"replies":[{"embeddable":true,"href":"https:\/\/neovaria.eu\/shop\/wp-json\/wp\/v2\/comments?post=5588"}],"wp:featuredmedia":[{"embeddable":true,"href":"https:\/\/neovaria.eu\/shop\/wp-json\/wp\/v2\/media\/5587"}],"wp:attachment":[{"href":"https:\/\/neovaria.eu\/shop\/wp-json\/wp\/v2\/media?parent=5588"}],"wp:term":[{"taxonomy":"product_brand","embeddable":true,"href":"https:\/\/neovaria.eu\/shop\/wp-json\/wp\/v2\/product_brand?post=5588"},{"taxonomy":"product_cat","embeddable":true,"href":"https:\/\/neovaria.eu\/shop\/wp-json\/wp\/v2\/product_cat?post=5588"},{"taxonomy":"product_tag","embeddable":true,"href":"https:\/\/neovaria.eu\/shop\/wp-json\/wp\/v2\/product_tag?post=5588"}],"curies":[{"name":"wp","href":"https:\/\/api.w.org\/{rel}","templated":true}]}}