{"id":5458,"date":"2025-03-23T13:59:38","date_gmt":"2025-03-23T12:59:38","guid":{"rendered":"https:\/\/neovaria.eu\/shop\/?post_type=product&#038;p=5458"},"modified":"2025-03-23T20:01:43","modified_gmt":"2025-03-23T19:01:43","slug":"deckplatte-fuer-nutenstein-schwerlast-sitzschiene-vw-t7-new-multivan","status":"publish","type":"product","link":"https:\/\/neovaria.eu\/shop\/produkt\/deckplatte-fuer-nutenstein-schwerlast-sitzschiene-vw-t7-new-multivan\/","title":{"rendered":"Deckplatte f\u00fcr Nutenstein Schwerlast Sitzschiene VW T7 New Multivan"},"content":{"rendered":"<p>Zur Verwendung in Verbindung mit unserem Nutenstein-Fitting +schwerlast f\u00fcr das Sitzschienensystem im Volkswagen T7 Multivan.<\/p>\n<p>Wird bei der Montage von Einzelzurrpunkten o.\u00e4. ben\u00f6tigt um eine Verformung des Alumnium-Abdeckprofil der Sitzschiene zu verhindern.<\/p>\n<p>Aluminium, schwarz eloxiert<\/p>\n","protected":false},"excerpt":{"rendered":"<p>Zur Verwendung in Verbindung mit unserem Nutenstein-Fitting +schwerlast f\u00fcr das Sitzschienensystem im Volkswagen T7 Multivan. Wird bei der Montage von Einzelzurrpunkten o.\u00e4. ben\u00f6tigt um eine Verformung des Alumnium-Abdeckprofil der Sitzschiene zu verhindern. Aluminium, schwarz eloxiert<\/p>\n","protected":false},"featured_media":5457,"comment_status":"open","ping_status":"closed","template":"","meta":[],"product_brand":[],"product_cat":[207,245],"product_tag":[],"class_list":{"0":"post-5458","1":"product","2":"type-product","3":"status-publish","4":"has-post-thumbnail","6":"product_cat-nutensteine-fuer-sitzschienen","7":"product_cat-nutensteine-fuer-sitzschienensysteme","9":"first","10":"onbackorder","11":"taxable","12":"shipping-taxable","13":"purchasable","14":"product-type-simple"},"_links":{"self":[{"href":"https:\/\/neovaria.eu\/shop\/wp-json\/wp\/v2\/product\/5458","targetHints":{"allow":["GET"]}}],"collection":[{"href":"https:\/\/neovaria.eu\/shop\/wp-json\/wp\/v2\/product"}],"about":[{"href":"https:\/\/neovaria.eu\/shop\/wp-json\/wp\/v2\/types\/product"}],"replies":[{"embeddable":true,"href":"https:\/\/neovaria.eu\/shop\/wp-json\/wp\/v2\/comments?post=5458"}],"wp:featuredmedia":[{"embeddable":true,"href":"https:\/\/neovaria.eu\/shop\/wp-json\/wp\/v2\/media\/5457"}],"wp:attachment":[{"href":"https:\/\/neovaria.eu\/shop\/wp-json\/wp\/v2\/media?parent=5458"}],"wp:term":[{"taxonomy":"product_brand","embeddable":true,"href":"https:\/\/neovaria.eu\/shop\/wp-json\/wp\/v2\/product_brand?post=5458"},{"taxonomy":"product_cat","embeddable":true,"href":"https:\/\/neovaria.eu\/shop\/wp-json\/wp\/v2\/product_cat?post=5458"},{"taxonomy":"product_tag","embeddable":true,"href":"https:\/\/neovaria.eu\/shop\/wp-json\/wp\/v2\/product_tag?post=5458"}],"curies":[{"name":"wp","href":"https:\/\/api.w.org\/{rel}","templated":true}]}}