{"id":4923,"date":"2024-08-01T20:56:01","date_gmt":"2024-08-01T18:56:01","guid":{"rendered":"https:\/\/neovaria.eu\/shop\/produkt\/nutenstein-fitting-m8-zweiteilig-fuer-psa-sitzschiene\/"},"modified":"2026-03-04T16:53:08","modified_gmt":"2026-03-04T15:53:08","slug":"nutenstein-fitting-m8-zweiteilig-fuer-psa-sitzschiene","status":"publish","type":"product","link":"https:\/\/neovaria.eu\/shop\/produkt\/nutenstein-fitting-m8-zweiteilig-fuer-psa-sitzschiene\/","title":{"rendered":"Nutenstein Fitting M8 zweiteilig f\u00fcr PSA- Sitzschiene"},"content":{"rendered":"<p><b>Der Nutenstein\/Fitting ist einsetzbar f\u00fcr die PSA-Sitzschiene und passend f\u00fcr den Toyota ProAce, Citroen SpaceTourer u. Jumpy, Opel Zafira Life, Peugeot Traveller Expert u.a.<\/b><\/p>\n<p>Der Nutenstein wird in die Sitzschiene an der gew\u00fcnschten Position eingesetzt und greift in die Rastung der Schiene ein. Die obere Deckplatte wird \u00fcber ein O-Ring welcher sich im Unterteil befindet gehalten. Bei Nichtverwendung des Nutensteins steht dieser nicht \u00fcber der Sitzschiene \u00fcber und kann zus\u00e4tzlich durch einen Gewindestift mit der Schiene leicht verspannt werden, so dass w\u00e4hrend der Fahrt keine Klapperger\u00e4usche auftreten k\u00f6nnen. Kein Zerkratzen oder besch\u00e4digen der Schiene durch Stellschrauben welche sich in die Schiene bohren.<\/p>\n<p>Es k\u00f6nnen Gegenst\u00e4nde, wie z.B. Campingeinrichtungen, Werkzeugkisten, Hundeboxen, Fahrradtr\u00e4ger oder \u00c4hnliches auf der Schiene montiert werden. Der Nutenstein passt ausschlie\u00dflich f\u00fcr die o.g. Fahrzeuge. Bitte beachten Sie, dass die LC-Angabe (Zurrkraft) auf dem Nutenstein, sich nur auf diesen bezieht und nicht auf eine Kombination mit der Sitzschiene, Zurr\u00f6se oder Befestigungsmaterial. Um diese angegebene Nutzlast sicher zu stellen, muss die entsprechende Befestigungsschraube mind. Festigkeitsklasse 8.8 aufweisen und mind. 15 mm tief in den Nutenstein eingeschraubt werden.&nbsp;<\/p>\n","protected":false},"excerpt":{"rendered":"<p>Der Nutenstein\/Fitting ist einsetzbar f\u00fcr die PSA-Sitzschiene und passend f\u00fcr den Toyota ProAce, Citroen SpaceTourer u. Jumpy, Opel Zafira Life, Peugeot Traveller Expert u.a. Der Nutenstein wird in die Sitzschiene an der gew\u00fcnschten Position eingesetzt und greift in die Rastung der Schiene ein. Die obere Deckplatte wird \u00fcber ein O-Ring welcher sich im Unterteil befindet [&#8230;]<\/p>\n","protected":false},"featured_media":4924,"comment_status":"open","ping_status":"closed","template":"","meta":[],"product_brand":[],"product_cat":[245,207],"product_tag":[],"class_list":{"0":"post-4923","1":"product","2":"type-product","3":"status-publish","4":"has-post-thumbnail","6":"product_cat-nutensteine-fuer-sitzschienensysteme","7":"product_cat-nutensteine-fuer-sitzschienen","9":"first","10":"instock","11":"taxable","12":"shipping-taxable","13":"purchasable","14":"product-type-simple"},"_links":{"self":[{"href":"https:\/\/neovaria.eu\/shop\/wp-json\/wp\/v2\/product\/4923","targetHints":{"allow":["GET"]}}],"collection":[{"href":"https:\/\/neovaria.eu\/shop\/wp-json\/wp\/v2\/product"}],"about":[{"href":"https:\/\/neovaria.eu\/shop\/wp-json\/wp\/v2\/types\/product"}],"replies":[{"embeddable":true,"href":"https:\/\/neovaria.eu\/shop\/wp-json\/wp\/v2\/comments?post=4923"}],"wp:featuredmedia":[{"embeddable":true,"href":"https:\/\/neovaria.eu\/shop\/wp-json\/wp\/v2\/media\/4924"}],"wp:attachment":[{"href":"https:\/\/neovaria.eu\/shop\/wp-json\/wp\/v2\/media?parent=4923"}],"wp:term":[{"taxonomy":"product_brand","embeddable":true,"href":"https:\/\/neovaria.eu\/shop\/wp-json\/wp\/v2\/product_brand?post=4923"},{"taxonomy":"product_cat","embeddable":true,"href":"https:\/\/neovaria.eu\/shop\/wp-json\/wp\/v2\/product_cat?post=4923"},{"taxonomy":"product_tag","embeddable":true,"href":"https:\/\/neovaria.eu\/shop\/wp-json\/wp\/v2\/product_tag?post=4923"}],"curies":[{"name":"wp","href":"https:\/\/api.w.org\/{rel}","templated":true}]}}