{"id":4228,"date":"2023-11-20T21:28:09","date_gmt":"2023-11-20T20:28:09","guid":{"rendered":"https:\/\/neovaria.eu\/shop\/produkt\/aufbauleuchte-f-30-3-coolwhite-rgb-965-mm\/"},"modified":"2024-12-28T12:55:13","modified_gmt":"2024-12-28T11:55:13","slug":"aufbauleuchte-f-30-3-coolwhite-rgb-965-mm","status":"publish","type":"product","link":"https:\/\/neovaria.eu\/shop\/produkt\/aufbauleuchte-f-30-3-coolwhite-rgb-965-mm\/","title":{"rendered":"Aufbauleuchte F-30.3 coolwhite \/RGB, 965 mm"},"content":{"rendered":"<p><b>Aufbauleuchte F-30.3 coolwhite \/ RGB &#8211; 965 mm<\/b><\/p>\n<p><span><span>&#8211;<span>&nbsp;&nbsp;&nbsp;&nbsp;&nbsp;&nbsp;&nbsp;&nbsp;&nbsp; <\/span><\/span><\/span><span>L\u00e4nge 965 mm, wei\u00df RAL 9010, ohne Schalter<\/span><\/p>\n<p><span><span>&#8211;<span>&nbsp;&nbsp;&nbsp;&nbsp;&nbsp;&nbsp;&nbsp;&nbsp;&nbsp; <\/span><\/span><\/span><span>12 Volt\/ DC<\/span><\/p>\n<p><span><span>&#8211;<span>&nbsp; &nbsp; &nbsp; &nbsp; &nbsp; 24<\/span><\/span><\/span><span>&nbsp;Watt <\/span><\/p>\n<p><span><span>&#8211;<span>&nbsp;&nbsp;&nbsp;&nbsp;&nbsp;&nbsp;&nbsp;&nbsp;&nbsp; <\/span><\/span><\/span><span>ca. 1.900 lm<\/span><\/p>\n<p><span><span>&#8211;<span>&nbsp;&nbsp;&nbsp;&nbsp;&nbsp;&nbsp;&nbsp;&nbsp;&nbsp; <\/span><\/span><\/span><span>IP 67<\/span><\/p>\n<p><span><span>&#8211;<span>&nbsp;&nbsp;&nbsp;&nbsp;&nbsp;&nbsp;&nbsp;&nbsp;&nbsp; <\/span><\/span><\/span><span>Nachtlicht RGB einzeln w\u00e4hlbar<\/span><\/p>\n<p><span><span>&#8211;<span>&nbsp;&nbsp;&nbsp;&nbsp;&nbsp;&nbsp;&nbsp;&nbsp;&nbsp; <\/span><\/span><\/span><span>Dimmbar (externes Modul erforderlich)<\/span><\/p>\n<p><span>Die F-30 LED Stream ist eine \u00e4u\u00dferst flache Streifenleuchte, die als fortschrittliche Alternative zu klassischen Leuchtstoffr\u00f6hren entwickelt wurde. Ausgestattet mit den zahlreichen Vorteilen einer LED-Beleuchtung, bietet sie leistungsstarke, langlebige und vielseitige Einsatzm\u00f6glichkeiten dank ihrer RGB-LEDs. Ihr dezentes Design gew\u00e4hrleistet, dass die Leuchte nicht st\u00f6rend oder aufdringlich wirkt.<\/span><\/p>\n<p><span>Diese Streifenleuchte findet ihren Einsatz in einer Vielzahl von Anwendungen. Sie ist ideal f\u00fcr Rettungswagen und Busse, wo zuverl\u00e4ssige Beleuchtung unerl\u00e4sslich ist. Als RGB-Variante integriert sie helles wei\u00dfes Licht zum Arbeiten und erm\u00f6glicht ihnen die Umschaltung auf Nachtlicht, rot, blau oder gr\u00fcn. Optional erh\u00e4ltlich auch mit unterschiedlichen wei\u00dfen Lichtfarben (warm- und kaltwei\u00df) in einer Leuchte.<\/span><\/p>\n<p>&nbsp;<\/p>\n","protected":false},"excerpt":{"rendered":"<p>Aufbauleuchte F-30.3 coolwhite \/ RGB &#8211; 965 mm &#8211;&nbsp;&nbsp;&nbsp;&nbsp;&nbsp;&nbsp;&nbsp;&nbsp;&nbsp; L\u00e4nge 965 mm, wei\u00df RAL 9010, ohne Schalter &#8211;&nbsp;&nbsp;&nbsp;&nbsp;&nbsp;&nbsp;&nbsp;&nbsp;&nbsp; 12 Volt\/ DC &#8211;&nbsp; &nbsp; &nbsp; &nbsp; &nbsp; 24&nbsp;Watt &#8211;&nbsp;&nbsp;&nbsp;&nbsp;&nbsp;&nbsp;&nbsp;&nbsp;&nbsp; ca. 1.900 lm &#8211;&nbsp;&nbsp;&nbsp;&nbsp;&nbsp;&nbsp;&nbsp;&nbsp;&nbsp; IP 67 &#8211;&nbsp;&nbsp;&nbsp;&nbsp;&nbsp;&nbsp;&nbsp;&nbsp;&nbsp; Nachtlicht RGB einzeln w\u00e4hlbar &#8211;&nbsp;&nbsp;&nbsp;&nbsp;&nbsp;&nbsp;&nbsp;&nbsp;&nbsp; Dimmbar (externes Modul erforderlich) Die F-30 LED Stream ist eine \u00e4u\u00dferst flache Streifenleuchte, die als [&#8230;]<\/p>\n","protected":false},"featured_media":4222,"comment_status":"open","ping_status":"closed","template":"","meta":[],"product_brand":[],"product_cat":[242,185,238],"product_tag":[],"class_list":{"0":"post-4228","1":"product","2":"type-product","3":"status-publish","4":"has-post-thumbnail","6":"product_cat-12v-leuchten","7":"product_cat-aufbauleuchten","8":"product_cat-nachtlichtfunktion","10":"first","11":"onbackorder","12":"taxable","13":"shipping-taxable","14":"purchasable","15":"product-type-simple"},"_links":{"self":[{"href":"https:\/\/neovaria.eu\/shop\/wp-json\/wp\/v2\/product\/4228","targetHints":{"allow":["GET"]}}],"collection":[{"href":"https:\/\/neovaria.eu\/shop\/wp-json\/wp\/v2\/product"}],"about":[{"href":"https:\/\/neovaria.eu\/shop\/wp-json\/wp\/v2\/types\/product"}],"replies":[{"embeddable":true,"href":"https:\/\/neovaria.eu\/shop\/wp-json\/wp\/v2\/comments?post=4228"}],"wp:featuredmedia":[{"embeddable":true,"href":"https:\/\/neovaria.eu\/shop\/wp-json\/wp\/v2\/media\/4222"}],"wp:attachment":[{"href":"https:\/\/neovaria.eu\/shop\/wp-json\/wp\/v2\/media?parent=4228"}],"wp:term":[{"taxonomy":"product_brand","embeddable":true,"href":"https:\/\/neovaria.eu\/shop\/wp-json\/wp\/v2\/product_brand?post=4228"},{"taxonomy":"product_cat","embeddable":true,"href":"https:\/\/neovaria.eu\/shop\/wp-json\/wp\/v2\/product_cat?post=4228"},{"taxonomy":"product_tag","embeddable":true,"href":"https:\/\/neovaria.eu\/shop\/wp-json\/wp\/v2\/product_tag?post=4228"}],"curies":[{"name":"wp","href":"https:\/\/api.w.org\/{rel}","templated":true}]}}