{"id":4202,"date":"2023-11-20T20:15:05","date_gmt":"2023-11-20T19:15:05","guid":{"rendered":"https:\/\/neovaria.eu\/shop\/?post_type=product&#038;p=4202"},"modified":"2025-11-26T18:38:41","modified_gmt":"2025-11-26T17:38:41","slug":"aufbauleuchte-f-28-coolwhite-nightlight-red-2","status":"publish","type":"product","link":"https:\/\/neovaria.eu\/shop\/produkt\/aufbauleuchte-f-28-coolwhite-nightlight-red-2\/","title":{"rendered":"Aufbauleuchte F-28 coolwhite\/ Nightlight red"},"content":{"rendered":"<p><b>Aufbauleuchte F-28 coolwhite \/ NL red<\/b><\/p>\n<p>&#8211;\u00a0\u00a0\u00a0\u00a0\u00a0\u00a0\u00a0\u00a0\u00a0 Geh\u00e4use aus Polycarbonat<\/p>\n<p>&#8211;\u00a0\u00a0\u00a0\u00a0\u00a0\u00a0\u00a0\u00a0\u00a0 24 MidPower LED, kaltwei\u00df\/ Nachtlichtfunktion rot<\/p>\n<p>&#8211;\u00a0\u00a0\u00a0\u00a0\u00a0\u00a0\u00a0\u00a0\u00a0 10-30 Volt\/ DC<\/p>\n<p>&#8211;\u00a0\u00a0\u00a0\u00a0\u00a0\u00a0\u00a0\u00a0\u00a0 7 Watt 500 lm<\/p>\n<p>&#8211;\u00a0\u00a0\u00a0\u00a0\u00a0\u00a0\u00a0\u00a0\u00a0 IP 67<\/p>\n<p>&#8211;\u00a0\u00a0\u00a0\u00a0\u00a0\u00a0\u00a0\u00a0\u00a0 explosionsgesch\u00fctzt<\/p>\n<p>Die F-28 LED ist \u00e4u\u00dferst robust und eignet sich ideal f\u00fcr den Einsatz im Nutzfahrzeugbau. Mit ihrem Spritzwasserschutz nach IP67 ist sie die perfekte Wahl f\u00fcr Nutzfahrzeuge. Besonders beliebt ist die F-28 LED in K\u00fchlfahrzeugen, Transportern und Rettungsfahrzeugen.<\/p>\n","protected":false},"excerpt":{"rendered":"<p>Mindestbestellmenge 10 Stk.<\/p>\n","protected":false},"featured_media":4197,"comment_status":"open","ping_status":"closed","template":"","meta":[],"product_brand":[],"product_cat":[185,241,238],"product_tag":[],"class_list":{"0":"post-4202","1":"product","2":"type-product","3":"status-publish","4":"has-post-thumbnail","6":"product_cat-aufbauleuchten","7":"product_cat-multivolt","8":"product_cat-nachtlichtfunktion","10":"first","11":"instock","12":"taxable","13":"shipping-taxable","14":"purchasable","15":"product-type-simple"},"_links":{"self":[{"href":"https:\/\/neovaria.eu\/shop\/wp-json\/wp\/v2\/product\/4202","targetHints":{"allow":["GET"]}}],"collection":[{"href":"https:\/\/neovaria.eu\/shop\/wp-json\/wp\/v2\/product"}],"about":[{"href":"https:\/\/neovaria.eu\/shop\/wp-json\/wp\/v2\/types\/product"}],"replies":[{"embeddable":true,"href":"https:\/\/neovaria.eu\/shop\/wp-json\/wp\/v2\/comments?post=4202"}],"wp:featuredmedia":[{"embeddable":true,"href":"https:\/\/neovaria.eu\/shop\/wp-json\/wp\/v2\/media\/4197"}],"wp:attachment":[{"href":"https:\/\/neovaria.eu\/shop\/wp-json\/wp\/v2\/media?parent=4202"}],"wp:term":[{"taxonomy":"product_brand","embeddable":true,"href":"https:\/\/neovaria.eu\/shop\/wp-json\/wp\/v2\/product_brand?post=4202"},{"taxonomy":"product_cat","embeddable":true,"href":"https:\/\/neovaria.eu\/shop\/wp-json\/wp\/v2\/product_cat?post=4202"},{"taxonomy":"product_tag","embeddable":true,"href":"https:\/\/neovaria.eu\/shop\/wp-json\/wp\/v2\/product_tag?post=4202"}],"curies":[{"name":"wp","href":"https:\/\/api.w.org\/{rel}","templated":true}]}}