{"id":4031,"date":"2023-05-09T13:09:44","date_gmt":"2023-05-09T11:09:44","guid":{"rendered":"https:\/\/neovaria.eu\/shop\/produkt\/leitertraeger-hinten-fuer-iveco-daily\/"},"modified":"2023-05-09T13:17:39","modified_gmt":"2023-05-09T11:17:39","slug":"leitertraeger-hinten-fuer-iveco-daily","status":"publish","type":"product","link":"https:\/\/neovaria.eu\/shop\/produkt\/leitertraeger-hinten-fuer-iveco-daily\/","title":{"rendered":"Leitertr\u00e4ger hinten f\u00fcr Iveco Daily"},"content":{"rendered":"<p>Leitertr\u00e4ger hinten f\u00fcr Iveco Daily 3,50 to<\/p>\n<p>Pritschenbreite 2070 mm, feuerverzinkt, inkl. Gummiauflageprofil<\/p>\n<p>Tragkraft 100 kg<\/p>\n<p>Gewicht 26 kg<\/p>\n","protected":false},"excerpt":{"rendered":"<p>Leitertr\u00e4ger hinten f\u00fcr Iveco Daily 3,50 to Pritschenbreite 2070 mm, feuerverzinkt, inkl. Gummiauflageprofil Tragkraft 100 kg Gewicht 26 kg<\/p>\n","protected":false},"featured_media":0,"comment_status":"open","ping_status":"closed","template":"","meta":[],"product_brand":[],"product_cat":[119,233],"product_tag":[],"class_list":{"0":"post-4031","1":"product","2":"type-product","3":"status-publish","5":"product_cat-leitergestelle","6":"product_cat-leitergestelle-fuer-iveco","8":"first","9":"instock","10":"taxable","11":"shipping-taxable","12":"purchasable","13":"product-type-simple"},"_links":{"self":[{"href":"https:\/\/neovaria.eu\/shop\/wp-json\/wp\/v2\/product\/4031","targetHints":{"allow":["GET"]}}],"collection":[{"href":"https:\/\/neovaria.eu\/shop\/wp-json\/wp\/v2\/product"}],"about":[{"href":"https:\/\/neovaria.eu\/shop\/wp-json\/wp\/v2\/types\/product"}],"replies":[{"embeddable":true,"href":"https:\/\/neovaria.eu\/shop\/wp-json\/wp\/v2\/comments?post=4031"}],"wp:attachment":[{"href":"https:\/\/neovaria.eu\/shop\/wp-json\/wp\/v2\/media?parent=4031"}],"wp:term":[{"taxonomy":"product_brand","embeddable":true,"href":"https:\/\/neovaria.eu\/shop\/wp-json\/wp\/v2\/product_brand?post=4031"},{"taxonomy":"product_cat","embeddable":true,"href":"https:\/\/neovaria.eu\/shop\/wp-json\/wp\/v2\/product_cat?post=4031"},{"taxonomy":"product_tag","embeddable":true,"href":"https:\/\/neovaria.eu\/shop\/wp-json\/wp\/v2\/product_tag?post=4031"}],"curies":[{"name":"wp","href":"https:\/\/api.w.org\/{rel}","templated":true}]}}