{"id":4030,"date":"2023-05-09T13:06:21","date_gmt":"2023-05-09T11:06:21","guid":{"rendered":"https:\/\/neovaria.eu\/shop\/produkt\/leitertraeger-hinten-fuer-fiat-ducato-citroen-jumper-peugeot-boxer-opel-movano\/"},"modified":"2025-12-18T21:03:13","modified_gmt":"2025-12-18T20:03:13","slug":"leitertraeger-hinten-fuer-fiat-ducato-citroen-jumper-peugeot-boxer-opel-movano","status":"publish","type":"product","link":"https:\/\/neovaria.eu\/shop\/produkt\/leitertraeger-hinten-fuer-fiat-ducato-citroen-jumper-peugeot-boxer-opel-movano\/","title":{"rendered":"Leitertr\u00e4ger hinten f\u00fcr Fiat Ducato, Citroen Jumper, Peugeot Boxer, Opel Movano"},"content":{"rendered":"<p>Leitertr\u00e4ger hinten f\u00fcr Fiat Ducato, Citroen Jumper, Peugeot Boxer, Opel Movano<\/p>\n<p>Pritschenbreite 2034 mm, feuerverzinkt, inkl. Gummiauflageprofil, Baujahr ab 2022<\/p>\n<p>&nbsp;<\/p>\n<p>Tragkraft 100 kg<\/p>\n<p>Gewicht 17 kg<\/p>\n","protected":false},"excerpt":{"rendered":"<p>Leitertr\u00e4ger hinten f\u00fcr Fiat Ducato, Citroen Jumper, Peugeot Boxer, Opel Movano Pritschenbreite 2034 mm, feuerverzinkt, inkl. Gummiauflageprofil, Baujahr ab 2022 &nbsp; Tragkraft 100 kg Gewicht 17 kg<\/p>\n","protected":false},"featured_media":0,"comment_status":"open","ping_status":"closed","template":"","meta":[],"product_brand":[],"product_cat":[119,234],"product_tag":[],"class_list":{"0":"post-4030","1":"product","2":"type-product","3":"status-publish","5":"product_cat-leitergestelle","6":"product_cat-leitergestelle-fuer-opel","8":"first","9":"onbackorder","10":"taxable","11":"shipping-taxable","12":"purchasable","13":"product-type-simple"},"_links":{"self":[{"href":"https:\/\/neovaria.eu\/shop\/wp-json\/wp\/v2\/product\/4030","targetHints":{"allow":["GET"]}}],"collection":[{"href":"https:\/\/neovaria.eu\/shop\/wp-json\/wp\/v2\/product"}],"about":[{"href":"https:\/\/neovaria.eu\/shop\/wp-json\/wp\/v2\/types\/product"}],"replies":[{"embeddable":true,"href":"https:\/\/neovaria.eu\/shop\/wp-json\/wp\/v2\/comments?post=4030"}],"wp:attachment":[{"href":"https:\/\/neovaria.eu\/shop\/wp-json\/wp\/v2\/media?parent=4030"}],"wp:term":[{"taxonomy":"product_brand","embeddable":true,"href":"https:\/\/neovaria.eu\/shop\/wp-json\/wp\/v2\/product_brand?post=4030"},{"taxonomy":"product_cat","embeddable":true,"href":"https:\/\/neovaria.eu\/shop\/wp-json\/wp\/v2\/product_cat?post=4030"},{"taxonomy":"product_tag","embeddable":true,"href":"https:\/\/neovaria.eu\/shop\/wp-json\/wp\/v2\/product_tag?post=4030"}],"curies":[{"name":"wp","href":"https:\/\/api.w.org\/{rel}","templated":true}]}}