{"id":3875,"date":"2023-02-12T20:31:13","date_gmt":"2023-02-12T19:31:13","guid":{"rendered":"https:\/\/neovaria.eu\/shop\/produkt\/aufbaudreifachsteckdose-mit-1-power-usb-c-a-doppelsteckdose-und-2-powersteckdosen\/"},"modified":"2026-01-03T11:59:11","modified_gmt":"2026-01-03T10:59:11","slug":"aufbaudreifachsteckdose-mit-1-power-usb-c-a-doppelsteckdose-und-2-powersteckdosen","status":"publish","type":"product","link":"https:\/\/neovaria.eu\/shop\/produkt\/aufbaudreifachsteckdose-mit-1-power-usb-c-a-doppelsteckdose-und-2-powersteckdosen\/","title":{"rendered":"Aufbaudreifachsteckdose mit 1 Power USB-C\/A Doppelsteckdose und 2 Powersteckdosen"},"content":{"rendered":"<p>1 Power USB-C\/A Doppelsteckdose, 12-24 V DC, Ausgang 5 V DC, 3,6 A mit<\/p>\n<p>integriertem Spannungswandler und blauer LED. Zum Laden und Betreiben<\/p>\n<p>elektronischer Ger\u00e4te, die \u00fcber 5 V USB geladen werden k\u00f6nnen.<\/p>\n<p>Input 8-34 V DC, E1 Zulassung, Eigenverbrauch \u2264 1 mA.<\/p>\n<p>\u00dcberlastschutz, \u00dcbertemperaturschutz, Verpolungsschutz, Kurzschlussschutz,<\/p>\n<p>\u00dcberspannungsschutz bei kurzen Spannungsspitzen.<\/p>\n<p>2 Powersteckdosen 12-24 Volt, Innen-\u00d8 21 mm, passend f\u00fcr Universalstecker.<\/p>\n<p>Belastbarkeit max. 20 A bei einem Zuleitungsquerschnitt von 2,5 mm2,<\/p>\n<p>max. 16 A bei einem Zuleitungsquerschnitt von 1,5 mm2.<\/p>\n<p>Befestigung mittels beiliegender Schrauben. Kabelanschluss vorkonfektioniert.<\/p>\n<p>Abmessungen L x B x H: 85 x 95 x 33 mm<\/p>\n","protected":false},"excerpt":{"rendered":"<p>Mindestbestellmenge 5 Stk.<\/p>\n","protected":false},"featured_media":4235,"comment_status":"open","ping_status":"closed","template":"","meta":[],"product_brand":[],"product_cat":[74,188],"product_tag":[],"class_list":{"0":"post-3875","1":"product","2":"type-product","3":"status-publish","4":"has-post-thumbnail","6":"product_cat-montagematerial-elektrik","7":"product_cat-pro-car-steckersteckdosen","9":"first","10":"onbackorder","11":"taxable","12":"shipping-taxable","13":"purchasable","14":"product-type-simple"},"_links":{"self":[{"href":"https:\/\/neovaria.eu\/shop\/wp-json\/wp\/v2\/product\/3875","targetHints":{"allow":["GET"]}}],"collection":[{"href":"https:\/\/neovaria.eu\/shop\/wp-json\/wp\/v2\/product"}],"about":[{"href":"https:\/\/neovaria.eu\/shop\/wp-json\/wp\/v2\/types\/product"}],"replies":[{"embeddable":true,"href":"https:\/\/neovaria.eu\/shop\/wp-json\/wp\/v2\/comments?post=3875"}],"wp:featuredmedia":[{"embeddable":true,"href":"https:\/\/neovaria.eu\/shop\/wp-json\/wp\/v2\/media\/4235"}],"wp:attachment":[{"href":"https:\/\/neovaria.eu\/shop\/wp-json\/wp\/v2\/media?parent=3875"}],"wp:term":[{"taxonomy":"product_brand","embeddable":true,"href":"https:\/\/neovaria.eu\/shop\/wp-json\/wp\/v2\/product_brand?post=3875"},{"taxonomy":"product_cat","embeddable":true,"href":"https:\/\/neovaria.eu\/shop\/wp-json\/wp\/v2\/product_cat?post=3875"},{"taxonomy":"product_tag","embeddable":true,"href":"https:\/\/neovaria.eu\/shop\/wp-json\/wp\/v2\/product_tag?post=3875"}],"curies":[{"name":"wp","href":"https:\/\/api.w.org\/{rel}","templated":true}]}}