{"id":3714,"date":"2023-01-16T16:48:41","date_gmt":"2023-01-16T15:48:41","guid":{"rendered":"https:\/\/neovaria.eu\/shop\/?post_type=product&#038;p=3714"},"modified":"2026-04-04T14:33:35","modified_gmt":"2026-04-04T12:33:35","slug":"nutenstein-fitting-t7-new-multivan","status":"publish","type":"product","link":"https:\/\/neovaria.eu\/shop\/produkt\/nutenstein-fitting-t7-new-multivan\/","title":{"rendered":"Nutenstein-Fitting T7 New Multivan"},"content":{"rendered":"<p><b>Nutenstein-Fitting M8 f\u00fcr Sitzschiene VW T7 New Multivan aus Aluminium, rot eloxiert<\/b><\/p>\n<p>&nbsp;<\/p>\n<p>Der Nutenstein wird in die Sitzschiene eingesetzt und an die gew\u00fcnschte Position geschoben und um 45 Grad bis zum Anschlag verdreht.<\/p>\n<p>Jetzt k\u00f6nnen verschiedene Gegenst\u00e4nde, wie z.B. Campingeinrichtungen, Werkzeugkisten, Hundeboxen, Fahrradtr\u00e4ger oder \u00e4hnliches auf der Schiene montiert werden. Durch die Rotf\u00e4rbung ist die Position des Nutensteins in der Schiene gut erkennbar.<\/p>\n<p>Als Zusatzoption, gibt es eine Zurr\u00f6se, welche sich 360 Grad drehen l\u00e4sst und sich der Zugrichtung automatisch anpasst. Es wird empfohlen, die passende Druckverteilungs-Deckplatte zu verwenden um ein besch\u00e4digen der Schiene durch eine zu kleine Auflage zu Vermeiden.<\/p>\n<p>Bitte beachten Sie, dass die LC-Angabe (Zurrkraft) auf dem Nutenstein sich nur auf diesen bezieht und nicht auf eine Kombination mit der Sitzschiene, Zurr\u00f6se oder Befestigungsmaterial. Um diese angegebene Nutzlast sicher zu stellen, muss die entsprechende Befestigungsschraube mind. Festigkeitsklasse 8.8 aufweisen und mind. 15 mm tief in den Nutenstein eingeschraubt werden.<\/p>\n<p>Bitte beachten Sie, dass diese Variante des Nutensteins nicht in die Rastung der Schiene eingreift und die angegeben Zurrkraft (0-Grad in L\u00e4ngsrichtung) nur gew\u00e4hrleistet, wenn die Befestigungsschraube mit einem Drehmoment von 25 Nm angezogen ist.<\/p>\n<p>&nbsp;<\/p>\n","protected":false},"excerpt":{"rendered":"<p>Nutenstein-Fitting M8 f\u00fcr Sitzschiene VW T7 New Multivan aus Aluminium, rot eloxiert &nbsp; Der Nutenstein wird in die Sitzschiene eingesetzt und an die gew\u00fcnschte Position geschoben und um 45 Grad bis zum Anschlag verdreht. Jetzt k\u00f6nnen verschiedene Gegenst\u00e4nde, wie z.B. Campingeinrichtungen, Werkzeugkisten, Hundeboxen, Fahrradtr\u00e4ger oder \u00e4hnliches auf der Schiene montiert werden. Durch die Rotf\u00e4rbung ist [&#8230;]<\/p>\n","protected":false},"featured_media":4502,"comment_status":"open","ping_status":"closed","template":"","meta":[],"product_brand":[],"product_cat":[207,245],"product_tag":[],"class_list":{"0":"post-3714","1":"product","2":"type-product","3":"status-publish","4":"has-post-thumbnail","6":"product_cat-nutensteine-fuer-sitzschienen","7":"product_cat-nutensteine-fuer-sitzschienensysteme","8":"product_shipping_class-paketversand","10":"first","11":"instock","12":"taxable","13":"shipping-taxable","14":"purchasable","15":"product-type-simple"},"_links":{"self":[{"href":"https:\/\/neovaria.eu\/shop\/wp-json\/wp\/v2\/product\/3714","targetHints":{"allow":["GET"]}}],"collection":[{"href":"https:\/\/neovaria.eu\/shop\/wp-json\/wp\/v2\/product"}],"about":[{"href":"https:\/\/neovaria.eu\/shop\/wp-json\/wp\/v2\/types\/product"}],"replies":[{"embeddable":true,"href":"https:\/\/neovaria.eu\/shop\/wp-json\/wp\/v2\/comments?post=3714"}],"wp:featuredmedia":[{"embeddable":true,"href":"https:\/\/neovaria.eu\/shop\/wp-json\/wp\/v2\/media\/4502"}],"wp:attachment":[{"href":"https:\/\/neovaria.eu\/shop\/wp-json\/wp\/v2\/media?parent=3714"}],"wp:term":[{"taxonomy":"product_brand","embeddable":true,"href":"https:\/\/neovaria.eu\/shop\/wp-json\/wp\/v2\/product_brand?post=3714"},{"taxonomy":"product_cat","embeddable":true,"href":"https:\/\/neovaria.eu\/shop\/wp-json\/wp\/v2\/product_cat?post=3714"},{"taxonomy":"product_tag","embeddable":true,"href":"https:\/\/neovaria.eu\/shop\/wp-json\/wp\/v2\/product_tag?post=3714"}],"curies":[{"name":"wp","href":"https:\/\/api.w.org\/{rel}","templated":true}]}}