{"id":3639,"date":"2023-01-15T12:18:17","date_gmt":"2023-01-15T11:18:17","guid":{"rendered":"https:\/\/neovaria.eu\/shop\/?post_type=product&#038;p=3639"},"modified":"2024-10-03T21:19:02","modified_gmt":"2024-10-03T19:19:02","slug":"led-leuchte-nebula-pir-bewegungssensor-624-mm","status":"publish","type":"product","link":"https:\/\/neovaria.eu\/shop\/produkt\/led-leuchte-nebula-pir-bewegungssensor-624-mm\/","title":{"rendered":"LED Leuchte &#8211; NEBULA PIR Bewegungssensor &#8211; 668 mm"},"content":{"rendered":"<p><b>NEBULA 10-14V 3W 640LM inkl. PIR-Bewegungssensor 668 mm<\/b><\/p>\n<p>&#8211;&nbsp;&nbsp;&nbsp;&nbsp;&nbsp;&nbsp; Schutzklasse IP66<\/p>\n<p>Die in der PIR-Sensor-Version verwendete Elektronik reagiert auf Bewegung und K\u00f6rperw\u00e4rme. Sobald der Sensor ausgel\u00f6st wird, schaltet sich das Ger\u00e4t f\u00fcr 5 Minuten ein und schaltet automatisch ab. Dadurch wird unn\u00f6tige Belastung verhindert und die Lebensdauer der Batterie verl\u00e4ngert. Bei einer&nbsp;dauerhaften Bewegung bleiben die Lichter eingeschaltet.<\/p>\n<p>&nbsp;<\/p>\n<p><b>Technische Daten<\/b><\/p>\n<p>&#8211;&nbsp;&nbsp;&nbsp;&nbsp;&nbsp;&nbsp; Spannungsbereich VDC&nbsp;10-14,<\/p>\n<p>&#8211;&nbsp;&nbsp;&nbsp;&nbsp;&nbsp;&nbsp; Lichtleistung 640lm<\/p>\n<p>&#8211;&nbsp; &nbsp; &nbsp;durchschn. Stromst\u00e4rke 0,44&nbsp;A<\/p>\n<p>&#8211;&nbsp;&nbsp;&nbsp;&nbsp;&nbsp;&nbsp;&nbsp;Watt 6W<\/p>\n<p>&#8211;&nbsp;&nbsp;&nbsp;&nbsp;&nbsp;&nbsp;&nbsp;Gewicht 0,38 kg<\/p>\n<p>&#8211;&nbsp;&nbsp;&nbsp;&nbsp;&nbsp;&nbsp; Temp.-Bereich -30 bis +40 \u00b0C<\/p>\n<p>&#8211;&nbsp;&nbsp;&nbsp;&nbsp;&nbsp;&nbsp; IP66<\/p>\n<p>&#8211;&nbsp; &nbsp; Abmessungen 668x44x15 mm<\/p>\n","protected":false},"excerpt":{"rendered":"<p>NEBULA 10-14V 3W 640LM inkl. PIR-Bewegungssensor 668 mm &#8211;&nbsp;&nbsp;&nbsp;&nbsp;&nbsp;&nbsp; Schutzklasse IP66 Die in der PIR-Sensor-Version verwendete Elektronik reagiert auf Bewegung und K\u00f6rperw\u00e4rme. Sobald der Sensor ausgel\u00f6st wird, schaltet sich das Ger\u00e4t f\u00fcr 5 Minuten ein und schaltet automatisch ab. Dadurch wird unn\u00f6tige Belastung verhindert und die Lebensdauer der Batterie verl\u00e4ngert. Bei einer&nbsp;dauerhaften Bewegung bleiben die [&#8230;]<\/p>\n","protected":false},"featured_media":3997,"comment_status":"open","ping_status":"closed","template":"","meta":[],"product_brand":[],"product_cat":[185,237,241],"product_tag":[],"class_list":{"0":"post-3639","1":"product","2":"type-product","3":"status-publish","4":"has-post-thumbnail","6":"product_cat-aufbauleuchten","7":"product_cat-bewegungssensor","8":"product_cat-multivolt","9":"product_shipping_class-paketversand","11":"first","12":"instock","13":"taxable","14":"shipping-taxable","15":"purchasable","16":"product-type-simple"},"_links":{"self":[{"href":"https:\/\/neovaria.eu\/shop\/wp-json\/wp\/v2\/product\/3639","targetHints":{"allow":["GET"]}}],"collection":[{"href":"https:\/\/neovaria.eu\/shop\/wp-json\/wp\/v2\/product"}],"about":[{"href":"https:\/\/neovaria.eu\/shop\/wp-json\/wp\/v2\/types\/product"}],"replies":[{"embeddable":true,"href":"https:\/\/neovaria.eu\/shop\/wp-json\/wp\/v2\/comments?post=3639"}],"wp:featuredmedia":[{"embeddable":true,"href":"https:\/\/neovaria.eu\/shop\/wp-json\/wp\/v2\/media\/3997"}],"wp:attachment":[{"href":"https:\/\/neovaria.eu\/shop\/wp-json\/wp\/v2\/media?parent=3639"}],"wp:term":[{"taxonomy":"product_brand","embeddable":true,"href":"https:\/\/neovaria.eu\/shop\/wp-json\/wp\/v2\/product_brand?post=3639"},{"taxonomy":"product_cat","embeddable":true,"href":"https:\/\/neovaria.eu\/shop\/wp-json\/wp\/v2\/product_cat?post=3639"},{"taxonomy":"product_tag","embeddable":true,"href":"https:\/\/neovaria.eu\/shop\/wp-json\/wp\/v2\/product_tag?post=3639"}],"curies":[{"name":"wp","href":"https:\/\/api.w.org\/{rel}","templated":true}]}}