{"id":3419,"date":"2022-11-01T13:16:43","date_gmt":"2022-11-01T12:16:43","guid":{"rendered":"https:\/\/neovaria.eu\/shop\/produkt\/unterbau-trittstufe-mb-sprinter-heckantrieb\/"},"modified":"2025-05-07T09:27:39","modified_gmt":"2025-05-07T07:27:39","slug":"unterbau-trittstufe-mb-sprinter-heckantrieb","status":"publish","type":"product","link":"https:\/\/neovaria.eu\/shop\/produkt\/unterbau-trittstufe-mb-sprinter-heckantrieb\/","title":{"rendered":"Unterbau Trittstufe &#8211; MB Sprinter Heckantrieb"},"content":{"rendered":"<p>Mercedes- Benz Sprinter ab Modelljahr 2006 &#8211; Heck-\/Allradantrieb &#8211; Schiebet\u00fcre rechts (Radstand 3.665 mm\/ 4.325 mm)<\/p>\n<p>&nbsp;<\/p>\n<p>VORSICHT: Es ist m\u00f6glich, dass der untere T\u00fcranschlag mit dem Unterbau kollidiert &#8211; ggf. m\u00fcssen Anpassungen vorgenommen werden.&nbsp;<\/p>\n<p>&nbsp;<\/p>\n<p>Auflage f\u00fcr Bodenplatten ohne Schiebet\u00fcr-Ausschnitt auf rechter Fahrzeugseite<\/p>\n<p>&nbsp;<\/p>\n<p>Gekantetes Stahlblech, Dicke: 2,00 mm, pulverbeschichtet anthrazitgrau matt\/RAL 7016<\/p>\n","protected":false},"excerpt":{"rendered":"<p>Mercedes- Benz Sprinter ab Modelljahr 2006 &#8211; Heck-\/Allradantrieb &#8211; Schiebet\u00fcre rechts (Radstand 3.665 mm\/ 4.325 mm) &nbsp; VORSICHT: Es ist m\u00f6glich, dass der untere T\u00fcranschlag mit dem Unterbau kollidiert &#8211; ggf. m\u00fcssen Anpassungen vorgenommen werden.&nbsp; &nbsp; Auflage f\u00fcr Bodenplatten ohne Schiebet\u00fcr-Ausschnitt auf rechter Fahrzeugseite &nbsp; Gekantetes Stahlblech, Dicke: 2,00 mm, pulverbeschichtet anthrazitgrau matt\/RAL 7016<\/p>\n","protected":false},"featured_media":3418,"comment_status":"open","ping_status":"closed","template":"","meta":[],"product_brand":[],"product_cat":[76],"product_tag":[],"class_list":{"0":"post-3419","1":"product","2":"type-product","3":"status-publish","4":"has-post-thumbnail","6":"product_cat-laserteile","7":"product_shipping_class-versand-gruppe-1","9":"first","10":"onbackorder","11":"taxable","12":"shipping-taxable","13":"purchasable","14":"product-type-simple"},"_links":{"self":[{"href":"https:\/\/neovaria.eu\/shop\/wp-json\/wp\/v2\/product\/3419","targetHints":{"allow":["GET"]}}],"collection":[{"href":"https:\/\/neovaria.eu\/shop\/wp-json\/wp\/v2\/product"}],"about":[{"href":"https:\/\/neovaria.eu\/shop\/wp-json\/wp\/v2\/types\/product"}],"replies":[{"embeddable":true,"href":"https:\/\/neovaria.eu\/shop\/wp-json\/wp\/v2\/comments?post=3419"}],"wp:featuredmedia":[{"embeddable":true,"href":"https:\/\/neovaria.eu\/shop\/wp-json\/wp\/v2\/media\/3418"}],"wp:attachment":[{"href":"https:\/\/neovaria.eu\/shop\/wp-json\/wp\/v2\/media?parent=3419"}],"wp:term":[{"taxonomy":"product_brand","embeddable":true,"href":"https:\/\/neovaria.eu\/shop\/wp-json\/wp\/v2\/product_brand?post=3419"},{"taxonomy":"product_cat","embeddable":true,"href":"https:\/\/neovaria.eu\/shop\/wp-json\/wp\/v2\/product_cat?post=3419"},{"taxonomy":"product_tag","embeddable":true,"href":"https:\/\/neovaria.eu\/shop\/wp-json\/wp\/v2\/product_tag?post=3419"}],"curies":[{"name":"wp","href":"https:\/\/api.w.org\/{rel}","templated":true}]}}