{"id":3417,"date":"2022-11-01T13:12:00","date_gmt":"2022-11-01T12:12:00","guid":{"rendered":"https:\/\/neovaria.eu\/shop\/produkt\/unterbau-trittstufe-vw-crafter\/"},"modified":"2024-10-03T21:19:02","modified_gmt":"2024-10-03T19:19:02","slug":"unterbau-trittstufe-vw-crafter","status":"publish","type":"product","link":"https:\/\/neovaria.eu\/shop\/produkt\/unterbau-trittstufe-vw-crafter\/","title":{"rendered":"Unterbau Trittstufe &#8211; VW Crafter Heckantrieb\/ Allrad"},"content":{"rendered":"<p>Volkswagen Crafter ab Modelljahr 2018 &#8211; Frontantrieb &#8211; Schiebet\u00fcre rechts<\/p>\n<p>&nbsp;<\/p>\n<p>Auflage f\u00fcr Bodenplatten ohne Schiebet\u00fcr-Ausschnitt auf rechter Fahrzeugseite<\/p>\n<p>&nbsp;<\/p>\n<p>Gekantetes Stahlblech, Dicke: 2,00 mm, pulverbeschichtet anthrazitgrau matt\/RAL 7016<\/p>\n","protected":false},"excerpt":{"rendered":"<p>Volkswagen Crafter ab Modelljahr 2018 &#8211; Frontantrieb &#8211; Schiebet\u00fcre rechts &nbsp; Auflage f\u00fcr Bodenplatten ohne Schiebet\u00fcr-Ausschnitt auf rechter Fahrzeugseite &nbsp; Gekantetes Stahlblech, Dicke: 2,00 mm, pulverbeschichtet anthrazitgrau matt\/RAL 7016<\/p>\n","protected":false},"featured_media":3416,"comment_status":"open","ping_status":"closed","template":"","meta":[],"product_brand":[],"product_cat":[76],"product_tag":[],"class_list":{"0":"post-3417","1":"product","2":"type-product","3":"status-publish","4":"has-post-thumbnail","6":"product_cat-laserteile","7":"product_shipping_class-versand-gruppe-1","9":"first","10":"instock","11":"taxable","12":"shipping-taxable","13":"purchasable","14":"product-type-simple"},"_links":{"self":[{"href":"https:\/\/neovaria.eu\/shop\/wp-json\/wp\/v2\/product\/3417","targetHints":{"allow":["GET"]}}],"collection":[{"href":"https:\/\/neovaria.eu\/shop\/wp-json\/wp\/v2\/product"}],"about":[{"href":"https:\/\/neovaria.eu\/shop\/wp-json\/wp\/v2\/types\/product"}],"replies":[{"embeddable":true,"href":"https:\/\/neovaria.eu\/shop\/wp-json\/wp\/v2\/comments?post=3417"}],"wp:featuredmedia":[{"embeddable":true,"href":"https:\/\/neovaria.eu\/shop\/wp-json\/wp\/v2\/media\/3416"}],"wp:attachment":[{"href":"https:\/\/neovaria.eu\/shop\/wp-json\/wp\/v2\/media?parent=3417"}],"wp:term":[{"taxonomy":"product_brand","embeddable":true,"href":"https:\/\/neovaria.eu\/shop\/wp-json\/wp\/v2\/product_brand?post=3417"},{"taxonomy":"product_cat","embeddable":true,"href":"https:\/\/neovaria.eu\/shop\/wp-json\/wp\/v2\/product_cat?post=3417"},{"taxonomy":"product_tag","embeddable":true,"href":"https:\/\/neovaria.eu\/shop\/wp-json\/wp\/v2\/product_tag?post=3417"}],"curies":[{"name":"wp","href":"https:\/\/api.w.org\/{rel}","templated":true}]}}