{"id":2671,"date":"2022-03-01T10:49:57","date_gmt":"2022-03-01T09:49:57","guid":{"rendered":"https:\/\/neovaria.eu\/shop\/?post_type=product&#038;p=2671"},"modified":"2025-10-31T18:52:05","modified_gmt":"2025-10-31T17:52:05","slug":"procar-universalstecker-12-24-v-16a-passend-fuer-powersteckdosen-67723010","status":"publish","type":"product","link":"https:\/\/neovaria.eu\/shop\/produkt\/procar-universalstecker-12-24-v-16a-passend-fuer-powersteckdosen-67723010\/","title":{"rendered":"ProCar Universalstecker 12-24 V \/ 16A, passend f\u00fcr Powersteckdosen 67723010"},"content":{"rendered":"<p>(Innen-\u00d8 21 mm) und Normsteckdosen (Innen-\u00d8 12 mm).<\/p>\n<p>Mit Schraubkontakten bis 2,5 mm\u00b2, arretierbarer Ausgleichsh\u00fclse durch<\/p>\n<p>Bajonettverrastung und ausklappbarem Zugwerkzeug.<\/p>\n<p>Ausgelegt f\u00fcr max. 16 A<\/p>\n","protected":false},"excerpt":{"rendered":"<p>Mindestbestellmenge 10 Stk.<\/p>\n","protected":false},"featured_media":2670,"comment_status":"open","ping_status":"closed","template":"","meta":[],"product_brand":[],"product_cat":[188],"product_tag":[],"class_list":{"0":"post-2671","1":"product","2":"type-product","3":"status-publish","4":"has-post-thumbnail","6":"product_cat-pro-car-steckersteckdosen","8":"first","9":"instock","10":"taxable","11":"shipping-taxable","12":"purchasable","13":"product-type-simple"},"_links":{"self":[{"href":"https:\/\/neovaria.eu\/shop\/wp-json\/wp\/v2\/product\/2671","targetHints":{"allow":["GET"]}}],"collection":[{"href":"https:\/\/neovaria.eu\/shop\/wp-json\/wp\/v2\/product"}],"about":[{"href":"https:\/\/neovaria.eu\/shop\/wp-json\/wp\/v2\/types\/product"}],"replies":[{"embeddable":true,"href":"https:\/\/neovaria.eu\/shop\/wp-json\/wp\/v2\/comments?post=2671"}],"wp:featuredmedia":[{"embeddable":true,"href":"https:\/\/neovaria.eu\/shop\/wp-json\/wp\/v2\/media\/2670"}],"wp:attachment":[{"href":"https:\/\/neovaria.eu\/shop\/wp-json\/wp\/v2\/media?parent=2671"}],"wp:term":[{"taxonomy":"product_brand","embeddable":true,"href":"https:\/\/neovaria.eu\/shop\/wp-json\/wp\/v2\/product_brand?post=2671"},{"taxonomy":"product_cat","embeddable":true,"href":"https:\/\/neovaria.eu\/shop\/wp-json\/wp\/v2\/product_cat?post=2671"},{"taxonomy":"product_tag","embeddable":true,"href":"https:\/\/neovaria.eu\/shop\/wp-json\/wp\/v2\/product_tag?post=2671"}],"curies":[{"name":"wp","href":"https:\/\/api.w.org\/{rel}","templated":true}]}}