{"id":2659,"date":"2022-02-20T21:40:03","date_gmt":"2022-02-20T20:40:03","guid":{"rendered":"https:\/\/neovaria.eu\/shop\/produkt\/wechselschalter-rund-on-on-10a-250vac\/"},"modified":"2026-04-07T19:28:18","modified_gmt":"2026-04-07T17:28:18","slug":"wechselschalter-rund-on-on-10a-250vac","status":"publish","type":"product","link":"https:\/\/neovaria.eu\/shop\/produkt\/wechselschalter-rund-on-on-10a-250vac\/","title":{"rendered":"Wechselschalter rund on\/on, 10A\/250VAC"},"content":{"rendered":"<p>Anzahl Positionen : 2<\/p>\n<p>Schaltweise : ON-ON<\/p>\n<p>Tastenfarbe : schwarz<\/p>\n<p>Max. Kontaktwiderstand : 50m\u03a9<\/p>\n<p>Korpusfarbe : schwarz<\/p>\n<p>Geh\u00e4use-Material : Polyamid<\/p>\n<p>Entflammbarkeitsklasse : UL94V-2<\/p>\n<p>Betriebstemperatur : -20&#8230;85\u00b0C<\/p>\n<p>Ausg\u00e4nge : Verbinder 4,8&#215;0,8mm<\/p>\n<p>Frontplattenst\u00e4rke : max. 3mm<\/p>\n<p>Elektrische Lebensdauer : 6000 Zyklen<\/p>\n<p>Montageabmessungen : \u00d820.2mm<\/p>\n<p>Form : rund<\/p>\n<p>Anzahl stabiler Positionen : 2<\/p>\n","protected":false},"excerpt":{"rendered":"<p>Anzahl Positionen : 2 Schaltweise : ON-ON Tastenfarbe : schwarz Max. Kontaktwiderstand : 50m\u03a9 Korpusfarbe : schwarz Geh\u00e4use-Material : Polyamid Entflammbarkeitsklasse : UL94V-2 Betriebstemperatur : -20&#8230;85\u00b0C Ausg\u00e4nge : Verbinder 4,8&#215;0,8mm Frontplattenst\u00e4rke : max. 3mm Elektrische Lebensdauer : 6000 Zyklen Montageabmessungen : \u00d820.2mm Form : rund Anzahl stabiler Positionen : 2<\/p>\n","protected":false},"featured_media":2661,"comment_status":"open","ping_status":"closed","template":"","meta":[],"product_brand":[],"product_cat":[196],"product_tag":[],"class_list":{"0":"post-2659","1":"product","2":"type-product","3":"status-publish","4":"has-post-thumbnail","6":"product_cat-schalter-diverses","8":"first","9":"instock","10":"taxable","11":"shipping-taxable","12":"purchasable","13":"product-type-simple"},"_links":{"self":[{"href":"https:\/\/neovaria.eu\/shop\/wp-json\/wp\/v2\/product\/2659","targetHints":{"allow":["GET"]}}],"collection":[{"href":"https:\/\/neovaria.eu\/shop\/wp-json\/wp\/v2\/product"}],"about":[{"href":"https:\/\/neovaria.eu\/shop\/wp-json\/wp\/v2\/types\/product"}],"replies":[{"embeddable":true,"href":"https:\/\/neovaria.eu\/shop\/wp-json\/wp\/v2\/comments?post=2659"}],"wp:featuredmedia":[{"embeddable":true,"href":"https:\/\/neovaria.eu\/shop\/wp-json\/wp\/v2\/media\/2661"}],"wp:attachment":[{"href":"https:\/\/neovaria.eu\/shop\/wp-json\/wp\/v2\/media?parent=2659"}],"wp:term":[{"taxonomy":"product_brand","embeddable":true,"href":"https:\/\/neovaria.eu\/shop\/wp-json\/wp\/v2\/product_brand?post=2659"},{"taxonomy":"product_cat","embeddable":true,"href":"https:\/\/neovaria.eu\/shop\/wp-json\/wp\/v2\/product_cat?post=2659"},{"taxonomy":"product_tag","embeddable":true,"href":"https:\/\/neovaria.eu\/shop\/wp-json\/wp\/v2\/product_tag?post=2659"}],"curies":[{"name":"wp","href":"https:\/\/api.w.org\/{rel}","templated":true}]}}