{"id":2655,"date":"2022-02-20T21:33:48","date_gmt":"2022-02-20T20:33:48","guid":{"rendered":"https:\/\/neovaria.eu\/shop\/produkt\/ein-ausschalter-beleuchtet-wippenschalter-rund-rot\/"},"modified":"2026-01-03T11:59:09","modified_gmt":"2026-01-03T10:59:09","slug":"ein-ausschalter-beleuchtet-wippenschalter-rund-rot","status":"publish","type":"product","link":"https:\/\/neovaria.eu\/shop\/produkt\/ein-ausschalter-beleuchtet-wippenschalter-rund-rot\/","title":{"rendered":"Ein- Ausschalter beleuchtet, Wippenschalter rund, rot"},"content":{"rendered":"<p>R13-112 LED 12V 12V\/AC 10 A<\/p>\n<p>1xAus\/Ein rastend<\/p>\n<p>Tastenfarbe : rot<\/p>\n<p>Beleuchtung: LED 14V DC<\/p>\n<p>Max. Kontaktwiderstand : 50m\u03a9<\/p>\n<p>Korpusfarbe : schwarz<\/p>\n<p>Geh\u00e4use-Material : Polyamid<\/p>\n<p>Betriebstemperatur : -20&#8230;85\u00b0C<\/p>\n<p>Ausg\u00e4nge : Verbinder 4,8&#215;0,8mm<\/p>\n<p>Frontplattenst\u00e4rke : max. 3mm<\/p>\n<p>Montageabmessungen : \u00d820.2mm<\/p>\n<p>Tastenkennzeichnung : ohne Aufschrift<\/p>\n<p>Beleuchtungsfarbe : rot<\/p>\n<p>Form : rund<\/p>\n<p>Anzahl stabiler Positionen : 2<\/p>\n","protected":false},"excerpt":{"rendered":"<p>R13-112 LED 12V 12V\/AC 10 A 1xAus\/Ein rastend Tastenfarbe : rot Beleuchtung: LED 14V DC Max. Kontaktwiderstand : 50m\u03a9 Korpusfarbe : schwarz Geh\u00e4use-Material : Polyamid Betriebstemperatur : -20&#8230;85\u00b0C Ausg\u00e4nge : Verbinder 4,8&#215;0,8mm Frontplattenst\u00e4rke : max. 3mm Montageabmessungen : \u00d820.2mm Tastenkennzeichnung : ohne Aufschrift Beleuchtungsfarbe : rot Form : rund Anzahl stabiler Positionen : 2<\/p>\n","protected":false},"featured_media":2664,"comment_status":"open","ping_status":"closed","template":"","meta":[],"product_brand":[],"product_cat":[240,196],"product_tag":[],"class_list":{"0":"post-2655","1":"product","2":"type-product","3":"status-publish","4":"has-post-thumbnail","6":"product_cat-leuchten-zubehoer","7":"product_cat-schalter-diverses","9":"first","10":"instock","11":"taxable","12":"shipping-taxable","13":"purchasable","14":"product-type-simple"},"_links":{"self":[{"href":"https:\/\/neovaria.eu\/shop\/wp-json\/wp\/v2\/product\/2655","targetHints":{"allow":["GET"]}}],"collection":[{"href":"https:\/\/neovaria.eu\/shop\/wp-json\/wp\/v2\/product"}],"about":[{"href":"https:\/\/neovaria.eu\/shop\/wp-json\/wp\/v2\/types\/product"}],"replies":[{"embeddable":true,"href":"https:\/\/neovaria.eu\/shop\/wp-json\/wp\/v2\/comments?post=2655"}],"wp:featuredmedia":[{"embeddable":true,"href":"https:\/\/neovaria.eu\/shop\/wp-json\/wp\/v2\/media\/2664"}],"wp:attachment":[{"href":"https:\/\/neovaria.eu\/shop\/wp-json\/wp\/v2\/media?parent=2655"}],"wp:term":[{"taxonomy":"product_brand","embeddable":true,"href":"https:\/\/neovaria.eu\/shop\/wp-json\/wp\/v2\/product_brand?post=2655"},{"taxonomy":"product_cat","embeddable":true,"href":"https:\/\/neovaria.eu\/shop\/wp-json\/wp\/v2\/product_cat?post=2655"},{"taxonomy":"product_tag","embeddable":true,"href":"https:\/\/neovaria.eu\/shop\/wp-json\/wp\/v2\/product_tag?post=2655"}],"curies":[{"name":"wp","href":"https:\/\/api.w.org\/{rel}","templated":true}]}}