{"id":2388,"date":"2021-11-22T16:40:04","date_gmt":"2021-11-22T15:40:04","guid":{"rendered":"https:\/\/neovaria.eu\/shop\/produkt\/power-usb-c-a-doppelsteckdose-67341500\/"},"modified":"2026-04-02T07:41:03","modified_gmt":"2026-04-02T05:41:03","slug":"power-usb-c-a-doppelsteckdose-67341500","status":"publish","type":"product","link":"https:\/\/neovaria.eu\/shop\/produkt\/power-usb-c-a-doppelsteckdose-67341500\/","title":{"rendered":"Power USB-C\/A Doppelsteckdose 67341500"},"content":{"rendered":"<p>Power USB-C\/A Doppelsteckdose &#8211; 12-24 V DC, Ausgang 5V DC, 3,6 A mit integriertem Spannungswandler und blauer LED, 67341500<\/p>\n<p>Zum Laden und Betreiben elektronischer Ger\u00e4te, die \u00fcber 5 V USB geladen werden k\u00f6nnen. Einbaubohrung 28 mm. Paneldicke 2-16mm. Kabelanschluss vorkonfektioniert, ca 15 cm, 0,5 mm\u00b2. Befestigung mittels Sechskantmutter.<\/p>\n<p>E1- Zulassung<\/p>\n<p>Input 8-34 V DC<\/p>\n<p>Ausgangsstrom max. 3,6 A<\/p>\n<p>Anschluss: 1x USB-C und 1 x USB-A<\/p>\n<p>\u00dcberlastschutz, \u00dcbertemperaturschutz, Verpolungsschutz, Kurzschlussshutz, \u00dcberspannungsschutz bei kurzen Spannungsspitzen<\/p>\n","protected":false},"excerpt":{"rendered":"<p>Mindestbestellmenge 10 Stk.<\/p>\n","protected":false},"featured_media":2387,"comment_status":"open","ping_status":"closed","template":"","meta":[],"product_brand":[],"product_cat":[74,188],"product_tag":[],"class_list":{"0":"post-2388","1":"product","2":"type-product","3":"status-publish","4":"has-post-thumbnail","6":"product_cat-montagematerial-elektrik","7":"product_cat-pro-car-steckersteckdosen","8":"product_shipping_class-paketversand","10":"first","11":"onbackorder","12":"taxable","13":"shipping-taxable","14":"purchasable","15":"product-type-simple"},"_links":{"self":[{"href":"https:\/\/neovaria.eu\/shop\/wp-json\/wp\/v2\/product\/2388","targetHints":{"allow":["GET"]}}],"collection":[{"href":"https:\/\/neovaria.eu\/shop\/wp-json\/wp\/v2\/product"}],"about":[{"href":"https:\/\/neovaria.eu\/shop\/wp-json\/wp\/v2\/types\/product"}],"replies":[{"embeddable":true,"href":"https:\/\/neovaria.eu\/shop\/wp-json\/wp\/v2\/comments?post=2388"}],"wp:featuredmedia":[{"embeddable":true,"href":"https:\/\/neovaria.eu\/shop\/wp-json\/wp\/v2\/media\/2387"}],"wp:attachment":[{"href":"https:\/\/neovaria.eu\/shop\/wp-json\/wp\/v2\/media?parent=2388"}],"wp:term":[{"taxonomy":"product_brand","embeddable":true,"href":"https:\/\/neovaria.eu\/shop\/wp-json\/wp\/v2\/product_brand?post=2388"},{"taxonomy":"product_cat","embeddable":true,"href":"https:\/\/neovaria.eu\/shop\/wp-json\/wp\/v2\/product_cat?post=2388"},{"taxonomy":"product_tag","embeddable":true,"href":"https:\/\/neovaria.eu\/shop\/wp-json\/wp\/v2\/product_tag?post=2388"}],"curies":[{"name":"wp","href":"https:\/\/api.w.org\/{rel}","templated":true}]}}