{"id":2326,"date":"2021-11-11T16:52:24","date_gmt":"2021-11-11T15:52:24","guid":{"rendered":"https:\/\/neovaria.eu\/shop\/?post_type=product&#038;p=2326"},"modified":"2025-07-09T18:43:55","modified_gmt":"2025-07-09T16:43:55","slug":"abdeckblech-f-standheizung-mb-sprinter","status":"publish","type":"product","link":"https:\/\/neovaria.eu\/shop\/produkt\/abdeckblech-f-standheizung-mb-sprinter\/","title":{"rendered":"Abdeckblech f. Standheizung MB Sprinter VPE2"},"content":{"rendered":"<p>Abdeckblech f\u00fcr Luftausstr\u00f6mer der Standheizung bei Mercedes- Benz Sprinter VPE 2.<\/p>\n<p>F\u00fcr die Abdeckung beider L\u00fcftungsausstr\u00f6mer sind zwei St\u00fcck notwendig.<\/p>\n<p>&nbsp;<\/p>\n<p>Material: VA 1.4301, einseitig geb\u00fcrstet und foliert, Mat.-St\u00e4rke 2,0 mm<\/p>\n<p>Format: 245,00&#215;110,00 mm<\/p>\n","protected":false},"excerpt":{"rendered":"<p>Verpackungseinheit \u00e1 2 Stk.<\/p>\n","protected":false},"featured_media":2323,"comment_status":"open","ping_status":"closed","template":"","meta":[],"product_brand":[],"product_cat":[76],"product_tag":[],"class_list":{"0":"post-2326","1":"product","2":"type-product","3":"status-publish","4":"has-post-thumbnail","6":"product_cat-laserteile","7":"product_shipping_class-paketversand","9":"first","10":"onbackorder","11":"taxable","12":"shipping-taxable","13":"purchasable","14":"product-type-simple"},"_links":{"self":[{"href":"https:\/\/neovaria.eu\/shop\/wp-json\/wp\/v2\/product\/2326","targetHints":{"allow":["GET"]}}],"collection":[{"href":"https:\/\/neovaria.eu\/shop\/wp-json\/wp\/v2\/product"}],"about":[{"href":"https:\/\/neovaria.eu\/shop\/wp-json\/wp\/v2\/types\/product"}],"replies":[{"embeddable":true,"href":"https:\/\/neovaria.eu\/shop\/wp-json\/wp\/v2\/comments?post=2326"}],"wp:featuredmedia":[{"embeddable":true,"href":"https:\/\/neovaria.eu\/shop\/wp-json\/wp\/v2\/media\/2323"}],"wp:attachment":[{"href":"https:\/\/neovaria.eu\/shop\/wp-json\/wp\/v2\/media?parent=2326"}],"wp:term":[{"taxonomy":"product_brand","embeddable":true,"href":"https:\/\/neovaria.eu\/shop\/wp-json\/wp\/v2\/product_brand?post=2326"},{"taxonomy":"product_cat","embeddable":true,"href":"https:\/\/neovaria.eu\/shop\/wp-json\/wp\/v2\/product_cat?post=2326"},{"taxonomy":"product_tag","embeddable":true,"href":"https:\/\/neovaria.eu\/shop\/wp-json\/wp\/v2\/product_tag?post=2326"}],"curies":[{"name":"wp","href":"https:\/\/api.w.org\/{rel}","templated":true}]}}