{"id":2280,"date":"2021-10-26T21:57:59","date_gmt":"2021-10-26T19:57:59","guid":{"rendered":"https:\/\/neovaria.eu\/shop\/produkt\/worklite-led-arbeitsscheinwerfer-1500lm-90\/"},"modified":"2025-09-28T19:38:05","modified_gmt":"2025-09-28T17:38:05","slug":"worklite-led-arbeitsscheinwerfer-1500lm-90","status":"publish","type":"product","link":"https:\/\/neovaria.eu\/shop\/produkt\/worklite-led-arbeitsscheinwerfer-1500lm-90\/","title":{"rendered":"WORKLITE LED-Arbeitsscheinwerfer 1500LM 90\u00b0"},"content":{"rendered":"<p><b>LANGLEBIGE LEISTUNG<\/b><\/p>\n<p><span>Leistungsstarker Arbeitsscheinwerfer mit einem Abstrahlwinkel von 90\u00b0. Mit der besten LED-Technologie von Cree produziert die LED SI4 ein rein wei\u00dfes Licht, \u00fcber 700 Lux @ 1m.<\/span><\/p>\n<p><b><span>Zusammenfassung<\/span><\/b><\/p>\n<p><span><span>o<span>&nbsp;&nbsp; <\/span><\/span><\/span><span>1434 Lumen; &gt; 700 Lux bei 1 Meter<\/span><\/p>\n<p><span><span>o<span>&nbsp;&nbsp; <\/span><\/span><\/span><span>Sichere Arbeitsumgebung<\/span><\/p>\n<p><span><span>o<span>&nbsp;&nbsp; <\/span><\/span><\/span><span>80% effizienter als Halogen<\/span><\/p>\n<p><span><span>o<span>&nbsp;&nbsp; <\/span><\/span><\/span><span>Mehrspannungsf\u00e4hig (10-32V)<\/span><\/p>\n<p><span><span>o<span>&nbsp;&nbsp; <\/span><\/span><\/span><span>Schutzklasse IP67<\/span><\/p>\n<p><span><span>o<span>&nbsp;&nbsp; <\/span><\/span><\/span><span>Magnetisch fixierbare Version verf\u00fcgbar&nbsp;mit 12V Stecker<\/span><\/p>\n<p><b><span>&nbsp;<\/span><\/b><\/p>\n<p><b><span>80% WENIGER ENERGIEVERBRAUCH ALS HALOGEN-ARBEITSSCHEINWERFER<\/span><\/b><\/p>\n<p><span>434 Lumen bei nur 12,5W.<\/span><\/p>\n<p><b><span>MEHRSPANNUNGSF\u00c4HIG (10-32V)<\/span><\/b><\/p>\n<p><span>Entwickelt f\u00fcr eine breite Palette von Fahrzeugen und Spannungen; die Schaltung kann Spannungsschwankungen standhalten und bietet eine konstante Lichtleistung.<\/span><\/p>\n<p><b><span><span>SCHUTZKLASSE IP67<\/span><\/span><\/b><\/p>\n<p><span>Das robuste Au\u00dfengeh\u00e4use und die Vergussmasse \u00fcber empfindliche Komponente,n sch\u00fctzen&nbsp;vor schwierigen Wetterbedingungen und Hochdruckwaschen.<\/span><\/p>\n<p><b><span>Technische Daten<\/span><\/b><\/p>\n<p><span>Abstrahlwinkel 90\u00b0<\/span><\/p>\n<p><span>Spannungsbereich VDC&nbsp;10-32<\/span><\/p>\n<p><span>Durchschn. Stromst\u00e4rke 1,1A<\/span><\/p>\n<p><span>Lichtleistung 1434 lm<\/span><\/p>\n<p><span>Watt 12,5W<\/span><\/p>\n<p><span>Gewicht 0,5 kg<\/span><\/p>\n<p><span>Temp.-Bereich -30 bis +40 \u00b0C<\/span><\/p>\n<p><span>IP67<\/span><\/p>\n<p><span>Abmessungen: 140&nbsp;x 135 x 43 mm<\/span><\/p>\n<p>&nbsp;<\/p>\n","protected":false},"excerpt":{"rendered":"<p>LANGLEBIGE LEISTUNG Leistungsstarker Arbeitsscheinwerfer mit einem Abstrahlwinkel von 90\u00b0. Mit der besten LED-Technologie von Cree produziert die LED SI4 ein rein wei\u00dfes Licht, \u00fcber 700 Lux @ 1m. Zusammenfassung o&nbsp;&nbsp; 1434 Lumen; &gt; 700 Lux bei 1 Meter o&nbsp;&nbsp; Sichere Arbeitsumgebung o&nbsp;&nbsp; 80% effizienter als Halogen o&nbsp;&nbsp; Mehrspannungsf\u00e4hig (10-32V) o&nbsp;&nbsp; Schutzklasse IP67 o&nbsp;&nbsp; Magnetisch fixierbare [&#8230;]<\/p>\n","protected":false},"featured_media":4372,"comment_status":"open","ping_status":"closed","template":"","meta":[],"product_brand":[],"product_cat":[186],"product_tag":[],"class_list":{"0":"post-2280","1":"product","2":"type-product","3":"status-publish","4":"has-post-thumbnail","6":"product_cat-arbeitsscheinwerfer","7":"product_shipping_class-paketversand","9":"first","10":"onbackorder","11":"taxable","12":"shipping-taxable","13":"purchasable","14":"product-type-simple"},"_links":{"self":[{"href":"https:\/\/neovaria.eu\/shop\/wp-json\/wp\/v2\/product\/2280","targetHints":{"allow":["GET"]}}],"collection":[{"href":"https:\/\/neovaria.eu\/shop\/wp-json\/wp\/v2\/product"}],"about":[{"href":"https:\/\/neovaria.eu\/shop\/wp-json\/wp\/v2\/types\/product"}],"replies":[{"embeddable":true,"href":"https:\/\/neovaria.eu\/shop\/wp-json\/wp\/v2\/comments?post=2280"}],"wp:featuredmedia":[{"embeddable":true,"href":"https:\/\/neovaria.eu\/shop\/wp-json\/wp\/v2\/media\/4372"}],"wp:attachment":[{"href":"https:\/\/neovaria.eu\/shop\/wp-json\/wp\/v2\/media?parent=2280"}],"wp:term":[{"taxonomy":"product_brand","embeddable":true,"href":"https:\/\/neovaria.eu\/shop\/wp-json\/wp\/v2\/product_brand?post=2280"},{"taxonomy":"product_cat","embeddable":true,"href":"https:\/\/neovaria.eu\/shop\/wp-json\/wp\/v2\/product_cat?post=2280"},{"taxonomy":"product_tag","embeddable":true,"href":"https:\/\/neovaria.eu\/shop\/wp-json\/wp\/v2\/product_tag?post=2280"}],"curies":[{"name":"wp","href":"https:\/\/api.w.org\/{rel}","templated":true}]}}