{"id":2042,"date":"2021-10-19T15:07:14","date_gmt":"2021-10-19T13:07:14","guid":{"rendered":"https:\/\/neovaria.eu\/shop\/?post_type=product&#038;p=2042"},"modified":"2026-02-04T15:28:48","modified_gmt":"2026-02-04T14:28:48","slug":"radkastenverkleidung-aluminiu-rifflblech-mercedes-sprinter-hinterradantrieb-einzelbereifung","status":"publish","type":"product","link":"https:\/\/neovaria.eu\/shop\/produkt\/radkastenverkleidung-aluminiu-rifflblech-mercedes-sprinter-hinterradantrieb-einzelbereifung\/","title":{"rendered":"Radkastenverkleidung Aluminium-Riffelblech Mercedes Sprinter Hinterradantrieb, Einzelbereifung"},"content":{"rendered":"<p>1 Satz = 2 St\u00fcck<\/p>\n<p>Radkastenverkleidung aus Alumnium-Riffelblech in Grundst\u00e4rke 2,5mm<\/p>\n<p>Deckel als Ablage aus Alumnium-Glattblech, St\u00e4rke 3mm<\/p>\n<p>Beide Bauteile m\u00fcssen miteinander vernietet oder verschraubt werden, die Bohrungen hierf\u00fcr sind bereits vorhanden.<\/p>\n<p>Die H\u00f6he des entstehenden Ablagefach bei Montage mit vorgegebenen Bohrungen betr\u00e4gt 100mm.<\/p>\n<p>Sollte eine glatte Auflage als Abschluss ben\u00f6tigt werden, so kann der Deckel einfach an oberster Stelle montiert werden, hierf\u00fcr m\u00fcssen lediglich zus\u00e4tzliche L\u00f6cher in der Riffelblechverkleidung gebohrt werden.<\/p>\n","protected":false},"excerpt":{"rendered":"<p>1 Satz = 2 St\u00fcck Radkastenverkleidung aus Alumnium-Riffelblech in Grundst\u00e4rke 2,5mm Deckel als Ablage aus Alumnium-Glattblech, St\u00e4rke 3mm Beide Bauteile m\u00fcssen miteinander vernietet oder verschraubt werden, die Bohrungen hierf\u00fcr sind bereits vorhanden. Die H\u00f6he des entstehenden Ablagefach bei Montage mit vorgegebenen Bohrungen betr\u00e4gt 100mm. Sollte eine glatte Auflage als Abschluss ben\u00f6tigt werden, so kann der [&#8230;]<\/p>\n","protected":false},"featured_media":2045,"comment_status":"open","ping_status":"closed","template":"","meta":[],"product_brand":[],"product_cat":[76],"product_tag":[],"class_list":{"0":"post-2042","1":"product","2":"type-product","3":"status-publish","4":"has-post-thumbnail","6":"product_cat-laserteile","7":"product_shipping_class-versand-gruppe-2","9":"first","10":"instock","11":"taxable","12":"shipping-taxable","13":"purchasable","14":"product-type-simple"},"_links":{"self":[{"href":"https:\/\/neovaria.eu\/shop\/wp-json\/wp\/v2\/product\/2042","targetHints":{"allow":["GET"]}}],"collection":[{"href":"https:\/\/neovaria.eu\/shop\/wp-json\/wp\/v2\/product"}],"about":[{"href":"https:\/\/neovaria.eu\/shop\/wp-json\/wp\/v2\/types\/product"}],"replies":[{"embeddable":true,"href":"https:\/\/neovaria.eu\/shop\/wp-json\/wp\/v2\/comments?post=2042"}],"wp:featuredmedia":[{"embeddable":true,"href":"https:\/\/neovaria.eu\/shop\/wp-json\/wp\/v2\/media\/2045"}],"wp:attachment":[{"href":"https:\/\/neovaria.eu\/shop\/wp-json\/wp\/v2\/media?parent=2042"}],"wp:term":[{"taxonomy":"product_brand","embeddable":true,"href":"https:\/\/neovaria.eu\/shop\/wp-json\/wp\/v2\/product_brand?post=2042"},{"taxonomy":"product_cat","embeddable":true,"href":"https:\/\/neovaria.eu\/shop\/wp-json\/wp\/v2\/product_cat?post=2042"},{"taxonomy":"product_tag","embeddable":true,"href":"https:\/\/neovaria.eu\/shop\/wp-json\/wp\/v2\/product_tag?post=2042"}],"curies":[{"name":"wp","href":"https:\/\/api.w.org\/{rel}","templated":true}]}}