{"id":1496,"date":"2021-06-09T14:30:23","date_gmt":"2021-06-09T12:30:23","guid":{"rendered":"https:\/\/neovaria.eu\/shop\/produkt\/zurroesenset-m8-fuer-fitting\/"},"modified":"2025-03-31T07:23:39","modified_gmt":"2025-03-31T05:23:39","slug":"zurroesenset-m8-fuer-fitting","status":"publish","type":"product","link":"https:\/\/neovaria.eu\/shop\/produkt\/zurroesenset-m8-fuer-fitting\/","title":{"rendered":"Zurr\u00f6senset M8 f\u00fcr Fitting"},"content":{"rendered":"<p>Zurr\u00f6senset, bestehend aus:<\/p>\n<p>Zurr\u00f6se<\/p>\n<p>Bundbuchse aus Edelstahl<\/p>\n<p>Scheibe aus Edelstahl<\/p>\n<p>Schraube M8x40, 8.8 Stahl verzinkt<\/p>\n","protected":false},"excerpt":{"rendered":"<p>Zurr\u00f6senset, bestehend aus: Zurr\u00f6se Bundbuchse aus Edelstahl Scheibe aus Edelstahl Schraube M8x40, 8.8 Stahl verzinkt<\/p>\n","protected":false},"featured_media":1497,"comment_status":"open","ping_status":"closed","template":"","meta":[],"product_brand":[],"product_cat":[245,72,207],"product_tag":[],"class_list":{"0":"post-1496","1":"product","2":"type-product","3":"status-publish","4":"has-post-thumbnail","6":"product_cat-nutensteine-fuer-sitzschienensysteme","7":"product_cat-ladungssicherungsprodukte","8":"product_cat-nutensteine-fuer-sitzschienen","9":"product_shipping_class-paketversand","11":"first","12":"instock","13":"taxable","14":"shipping-taxable","15":"purchasable","16":"product-type-simple"},"_links":{"self":[{"href":"https:\/\/neovaria.eu\/shop\/wp-json\/wp\/v2\/product\/1496","targetHints":{"allow":["GET"]}}],"collection":[{"href":"https:\/\/neovaria.eu\/shop\/wp-json\/wp\/v2\/product"}],"about":[{"href":"https:\/\/neovaria.eu\/shop\/wp-json\/wp\/v2\/types\/product"}],"replies":[{"embeddable":true,"href":"https:\/\/neovaria.eu\/shop\/wp-json\/wp\/v2\/comments?post=1496"}],"wp:featuredmedia":[{"embeddable":true,"href":"https:\/\/neovaria.eu\/shop\/wp-json\/wp\/v2\/media\/1497"}],"wp:attachment":[{"href":"https:\/\/neovaria.eu\/shop\/wp-json\/wp\/v2\/media?parent=1496"}],"wp:term":[{"taxonomy":"product_brand","embeddable":true,"href":"https:\/\/neovaria.eu\/shop\/wp-json\/wp\/v2\/product_brand?post=1496"},{"taxonomy":"product_cat","embeddable":true,"href":"https:\/\/neovaria.eu\/shop\/wp-json\/wp\/v2\/product_cat?post=1496"},{"taxonomy":"product_tag","embeddable":true,"href":"https:\/\/neovaria.eu\/shop\/wp-json\/wp\/v2\/product_tag?post=1496"}],"curies":[{"name":"wp","href":"https:\/\/api.w.org\/{rel}","templated":true}]}}