{"id":1210,"date":"2021-03-20T21:03:16","date_gmt":"2021-03-20T20:03:16","guid":{"rendered":"https:\/\/neovaria.eu\/shop\/produkt\/kantenschutzecke-kunststoff-weiss-105-x-105-x-135-mm\/"},"modified":"2025-05-18T22:48:41","modified_gmt":"2025-05-18T20:48:41","slug":"kantenschutzecke-kunststoff-weiss-105-x-105-x-135-mm","status":"publish","type":"product","link":"https:\/\/neovaria.eu\/shop\/produkt\/kantenschutzecke-kunststoff-weiss-105-x-105-x-135-mm\/","title":{"rendered":"Kantenschutzecke, Kunststoff, wei\u00df, 105 x 105 x 135 mm"},"content":{"rendered":"<p>S-Line\u00ae\u00a0Kantenschutzecke, Kunststoff, wei\u00df, Schenkell\u00e4nge 105 x 105 mm, Breite 135 mm, mit offenem Schlitz zur Gurtf\u00fchrung<\/p>\n<p>L\u00e4nge:\u00a0105 mm<br \/>\nBreite:\u00a0135 mm<br \/>\nH\u00f6he:\u00a0105 mm<br \/>\nMaterial:\u00a0Kunststoff<\/p>\n","protected":false},"excerpt":{"rendered":"<p>Mindestbestellmenge 50 Stk.<\/p>\n","protected":false},"featured_media":1207,"comment_status":"open","ping_status":"closed","template":"","meta":[],"product_brand":[],"product_cat":[72,138],"product_tag":[],"class_list":{"0":"post-1210","1":"product","2":"type-product","3":"status-publish","4":"has-post-thumbnail","6":"product_cat-ladungssicherungsprodukte","7":"product_cat-zurrgurte","8":"product_shipping_class-paketversand","10":"first","11":"onbackorder","12":"taxable","13":"shipping-taxable","14":"purchasable","15":"product-type-simple"},"_links":{"self":[{"href":"https:\/\/neovaria.eu\/shop\/wp-json\/wp\/v2\/product\/1210","targetHints":{"allow":["GET"]}}],"collection":[{"href":"https:\/\/neovaria.eu\/shop\/wp-json\/wp\/v2\/product"}],"about":[{"href":"https:\/\/neovaria.eu\/shop\/wp-json\/wp\/v2\/types\/product"}],"replies":[{"embeddable":true,"href":"https:\/\/neovaria.eu\/shop\/wp-json\/wp\/v2\/comments?post=1210"}],"wp:featuredmedia":[{"embeddable":true,"href":"https:\/\/neovaria.eu\/shop\/wp-json\/wp\/v2\/media\/1207"}],"wp:attachment":[{"href":"https:\/\/neovaria.eu\/shop\/wp-json\/wp\/v2\/media?parent=1210"}],"wp:term":[{"taxonomy":"product_brand","embeddable":true,"href":"https:\/\/neovaria.eu\/shop\/wp-json\/wp\/v2\/product_brand?post=1210"},{"taxonomy":"product_cat","embeddable":true,"href":"https:\/\/neovaria.eu\/shop\/wp-json\/wp\/v2\/product_cat?post=1210"},{"taxonomy":"product_tag","embeddable":true,"href":"https:\/\/neovaria.eu\/shop\/wp-json\/wp\/v2\/product_tag?post=1210"}],"curies":[{"name":"wp","href":"https:\/\/api.w.org\/{rel}","templated":true}]}}