{"id":1106,"date":"2021-02-28T09:38:46","date_gmt":"2021-02-28T08:38:46","guid":{"rendered":"https:\/\/neovaria.eu\/shop\/produkt\/toolflex-one-aluminiumschiene-94-cm\/"},"modified":"2024-01-14T19:09:35","modified_gmt":"2024-01-14T18:09:35","slug":"toolflex-one-aluminiumschiene-94-cm","status":"publish","type":"product","link":"https:\/\/neovaria.eu\/shop\/produkt\/toolflex-one-aluminiumschiene-94-cm\/","title":{"rendered":"Toolflex One Aluminiumschiene 94 cm"},"content":{"rendered":"<p>mit 5 Toolflex One Haltern 15-35 mm<\/p>\n<p><span>Das patentierte System Toolflex One vereint unterschiedliche Stieldurchmesser von 15-35 mm in einer einzigen Universalhalterung.<\/span><\/p>\n<p><span>Das offene, hygienische Design der Halterung&nbsp;<\/span><span>garantiert im Zusammenspiel mit ihrer glatten Oberfl\u00e4che eine einfache Reinigung.<\/span><\/p>\n<p><span>Dank des exklusiven hygienischen Designs mit click \u2019n go Funktion lassen sich individuelle Halterungen oder die ganze&nbsp;<\/span><span>Schiene ohne jegliches Werkzeug entfernen. Die Halterungen k\u00f6nnen unter Wasser, in der Sp\u00fclmaschine oder in einem&nbsp;<\/span><span>Autoklav gereinigt werden. Der Wandtr\u00e4ger zur Befestigung der Schiene erleichtert die Reinigung hinter der Schiene&nbsp;<\/span><span>und mindert das Risiko einer Verunreinigung.<\/span><\/p>\n<p><span>Das System ist erweiterbar. Es ist kein Problem, zus\u00e4tzliche Schienen anzuf\u00fcgen und weitere Halterungen und Aufs\u00e4tze&nbsp;<\/span><span>zu fixieren.<\/span><\/p>\n<p><span>Durch den Toolflex One Adapter k\u00f6nnen die Toolflex One Halter auch einzeln angeschraubt oder mit Hilfe der Rohrbefestigung&nbsp;<\/span><span>an runden Rohren fixiert werden.<\/span><\/p>\n","protected":false},"excerpt":{"rendered":"<p>mit 5 Toolflex One Haltern 15-35 mm Das patentierte System Toolflex One vereint unterschiedliche Stieldurchmesser von 15-35 mm in einer einzigen Universalhalterung. Das offene, hygienische Design der Halterung&nbsp;garantiert im Zusammenspiel mit ihrer glatten Oberfl\u00e4che eine einfache Reinigung. Dank des exklusiven hygienischen Designs mit click \u2019n go Funktion lassen sich individuelle Halterungen oder die ganze&nbsp;Schiene ohne [&#8230;]<\/p>\n","protected":false},"featured_media":1104,"comment_status":"open","ping_status":"closed","template":"","meta":[],"product_brand":[],"product_cat":[210,72,77],"product_tag":[],"class_list":{"0":"post-1106","1":"product","2":"type-product","3":"status-publish","4":"has-post-thumbnail","6":"product_cat-halter-verschlusslager","7":"product_cat-ladungssicherungsprodukte","8":"product_cat-zubehoer-fahrzeugeinrichter","9":"product_shipping_class-paketversand","11":"first","12":"onbackorder","13":"taxable","14":"shipping-taxable","15":"purchasable","16":"product-type-simple"},"_links":{"self":[{"href":"https:\/\/neovaria.eu\/shop\/wp-json\/wp\/v2\/product\/1106","targetHints":{"allow":["GET"]}}],"collection":[{"href":"https:\/\/neovaria.eu\/shop\/wp-json\/wp\/v2\/product"}],"about":[{"href":"https:\/\/neovaria.eu\/shop\/wp-json\/wp\/v2\/types\/product"}],"replies":[{"embeddable":true,"href":"https:\/\/neovaria.eu\/shop\/wp-json\/wp\/v2\/comments?post=1106"}],"wp:featuredmedia":[{"embeddable":true,"href":"https:\/\/neovaria.eu\/shop\/wp-json\/wp\/v2\/media\/1104"}],"wp:attachment":[{"href":"https:\/\/neovaria.eu\/shop\/wp-json\/wp\/v2\/media?parent=1106"}],"wp:term":[{"taxonomy":"product_brand","embeddable":true,"href":"https:\/\/neovaria.eu\/shop\/wp-json\/wp\/v2\/product_brand?post=1106"},{"taxonomy":"product_cat","embeddable":true,"href":"https:\/\/neovaria.eu\/shop\/wp-json\/wp\/v2\/product_cat?post=1106"},{"taxonomy":"product_tag","embeddable":true,"href":"https:\/\/neovaria.eu\/shop\/wp-json\/wp\/v2\/product_tag?post=1106"}],"curies":[{"name":"wp","href":"https:\/\/api.w.org\/{rel}","templated":true}]}}