{"id":1090,"date":"2021-02-13T23:31:47","date_gmt":"2021-02-13T22:31:47","guid":{"rendered":"https:\/\/neovaria.eu\/shop\/produkt\/seitenluefter\/"},"modified":"2026-03-10T17:09:06","modified_gmt":"2026-03-10T16:09:06","slug":"seitenluefter","status":"publish","type":"product","link":"https:\/\/neovaria.eu\/shop\/produkt\/seitenluefter\/","title":{"rendered":"Seitenl\u00fcfter, 3-teilig"},"content":{"rendered":"<p>Be- und Entl\u00fcftung, 3-teiliger Seitenl\u00fcfter<\/p>\n<p>&nbsp;<\/p>\n<p>Seitenl\u00fcfter aus UV-resistendem, schlagfestem Kunststoff.<\/p>\n<p>Farbe: schwarz<\/p>\n<p>Ma\u00dfe: 445x150x80 mm<\/p>\n<p>\u00dcberstand Seitenwandblech: 45mm<\/p>\n<p>&nbsp;<\/p>\n","protected":false},"excerpt":{"rendered":"<p>Mindestbestellmenge 2 Stk.<\/p>\n","protected":false},"featured_media":1088,"comment_status":"open","ping_status":"closed","template":"","meta":[],"product_brand":[],"product_cat":[211,77],"product_tag":[],"class_list":{"0":"post-1090","1":"product","2":"type-product","3":"status-publish","4":"has-post-thumbnail","6":"product_cat-luefter","7":"product_cat-zubehoer-fahrzeugeinrichter","8":"product_shipping_class-paketversand","10":"first","11":"onbackorder","12":"taxable","13":"shipping-taxable","14":"purchasable","15":"product-type-simple"},"_links":{"self":[{"href":"https:\/\/neovaria.eu\/shop\/wp-json\/wp\/v2\/product\/1090","targetHints":{"allow":["GET"]}}],"collection":[{"href":"https:\/\/neovaria.eu\/shop\/wp-json\/wp\/v2\/product"}],"about":[{"href":"https:\/\/neovaria.eu\/shop\/wp-json\/wp\/v2\/types\/product"}],"replies":[{"embeddable":true,"href":"https:\/\/neovaria.eu\/shop\/wp-json\/wp\/v2\/comments?post=1090"}],"wp:featuredmedia":[{"embeddable":true,"href":"https:\/\/neovaria.eu\/shop\/wp-json\/wp\/v2\/media\/1088"}],"wp:attachment":[{"href":"https:\/\/neovaria.eu\/shop\/wp-json\/wp\/v2\/media?parent=1090"}],"wp:term":[{"taxonomy":"product_brand","embeddable":true,"href":"https:\/\/neovaria.eu\/shop\/wp-json\/wp\/v2\/product_brand?post=1090"},{"taxonomy":"product_cat","embeddable":true,"href":"https:\/\/neovaria.eu\/shop\/wp-json\/wp\/v2\/product_cat?post=1090"},{"taxonomy":"product_tag","embeddable":true,"href":"https:\/\/neovaria.eu\/shop\/wp-json\/wp\/v2\/product_tag?post=1090"}],"curies":[{"name":"wp","href":"https:\/\/api.w.org\/{rel}","templated":true}]}}