{"id":1087,"date":"2021-02-13T23:26:16","date_gmt":"2021-02-13T22:26:16","guid":{"rendered":"https:\/\/neovaria.eu\/shop\/produkt\/schaufelhalter-f-leitertraeger\/"},"modified":"2023-05-03T18:29:01","modified_gmt":"2023-05-03T16:29:01","slug":"schaufelhalter-f-leitertraeger","status":"publish","type":"product","link":"https:\/\/neovaria.eu\/shop\/produkt\/schaufelhalter-f-leitertraeger\/","title":{"rendered":"Schaufelhalter f. Leitertr\u00e4ger"},"content":{"rendered":"<p>verzinkt, aufsteckbar links oder rechts auf Leitertr\u00e4ger f\u00fcr 2 Schaufel\/Besen etc.<\/p>\n","protected":false},"excerpt":{"rendered":"<p>Versandkostenfrei<\/p>\n","protected":false},"featured_media":1086,"comment_status":"open","ping_status":"closed","template":"","meta":[],"product_brand":[],"product_cat":[235],"product_tag":[],"class_list":{"0":"post-1087","1":"product","2":"type-product","3":"status-publish","4":"has-post-thumbnail","6":"product_cat-leitergestelle-zubehoer","7":"product_shipping_class-kostenloser-versand","9":"first","10":"onbackorder","11":"taxable","12":"shipping-taxable","13":"purchasable","14":"product-type-simple"},"_links":{"self":[{"href":"https:\/\/neovaria.eu\/shop\/wp-json\/wp\/v2\/product\/1087","targetHints":{"allow":["GET"]}}],"collection":[{"href":"https:\/\/neovaria.eu\/shop\/wp-json\/wp\/v2\/product"}],"about":[{"href":"https:\/\/neovaria.eu\/shop\/wp-json\/wp\/v2\/types\/product"}],"replies":[{"embeddable":true,"href":"https:\/\/neovaria.eu\/shop\/wp-json\/wp\/v2\/comments?post=1087"}],"wp:featuredmedia":[{"embeddable":true,"href":"https:\/\/neovaria.eu\/shop\/wp-json\/wp\/v2\/media\/1086"}],"wp:attachment":[{"href":"https:\/\/neovaria.eu\/shop\/wp-json\/wp\/v2\/media?parent=1087"}],"wp:term":[{"taxonomy":"product_brand","embeddable":true,"href":"https:\/\/neovaria.eu\/shop\/wp-json\/wp\/v2\/product_brand?post=1087"},{"taxonomy":"product_cat","embeddable":true,"href":"https:\/\/neovaria.eu\/shop\/wp-json\/wp\/v2\/product_cat?post=1087"},{"taxonomy":"product_tag","embeddable":true,"href":"https:\/\/neovaria.eu\/shop\/wp-json\/wp\/v2\/product_tag?post=1087"}],"curies":[{"name":"wp","href":"https:\/\/api.w.org\/{rel}","templated":true}]}}