{"id":1019,"date":"2021-02-13T22:35:40","date_gmt":"2021-02-13T21:35:40","guid":{"rendered":"https:\/\/neovaria.eu\/shop\/produkt\/nutenstein-fitting-t5-t6\/"},"modified":"2026-04-22T08:58:04","modified_gmt":"2026-04-22T06:58:04","slug":"nutenstein-fitting-t5-t6","status":"publish","type":"product","link":"https:\/\/neovaria.eu\/shop\/produkt\/nutenstein-fitting-t5-t6\/","title":{"rendered":"Nutenstein-Fitting T5\/T6 Caravelle\/Multivan\/California"},"content":{"rendered":"<p>Nutenstein-Fitting M8 f\u00fcr Sitzschiene VW T5\/T6 (Multivan\/ California\/ Caravelle) aus Aluminium, rot eloxiert<\/p>\n<p>&nbsp;<\/p>\n<p>Der Nutenstein wird in die vorhandene \u00d6ffnung der Sitzschiene eingesetzt und am besten mit einer Hilfs-Schraube an die gew\u00fcnschte Position geschoben. Durch hochziehen an der Schraube rutscht der Nutenstein durch die Magnetkraft automatisch in die vorhanden Rastnasen der Sitzschiene und ist gegen das Verrutschen gesichert. Durch das Funktionsprinzip ist zudem gew\u00e4hrleistet, dass die Rastnasen immer im Eingriff sind und nicht wie bei anderen Ausf\u00fchrungen auf den Nasen geklemmt werden kann. Die Hilfs-Schraube kann nun entfernt werden und verschiedene&nbsp; Gegenst\u00e4nde, wie z.B. Campingeinrichtungen, Werkzeugkisten, Hundeboxen, Fahrradtr\u00e4ger oder \u00e4hnliches auf der Schiene montiert werden. Durch die Rotf\u00e4rbung ist die Position des Nutensteins in der Schiene unter den Dichtlippen gut erkennbar. Als Zusatzoption, gibt es eine Zurr\u00f6se, welche sich 360 Grad drehen l\u00e4sst und sich der Zugrichtung automatisch anpasst.Bei Nichtverwendung des Nutensteins, kann dieser in der Schiene verweilen, da er nicht verrutschen und auch keine Klapperger\u00e4usche w\u00e4hrend der Fahrt verursachen kann.<\/p>\n<p>&nbsp;<\/p>\n<p>Es wird von uns ausdr\u00fccklich empfohlen, die passende Druckverteilungs-Deckplatte zu verwenden, da sich sonst je nach Anwendung, das Aluminium-Abdeckprofil der Sitzschiene nach unten biegt.<\/p>\n<p>Bitte beachten Sie die Nutzlast der Schiene, da diese ggf. geringer ist, als die Nutzlast der Nutensteine. Die maximale Last der Sitzschiene k\u00f6nnen Sie der Aufbaurichtlinien des Fahrzeugherstellers entnehmen.<\/p>\n<p>Bevor der Nutenstein seine Belastungsgrenze erreicht hat, gibt sehr wahrscheinlich eher die Schiene nach. Um die angegebene Nutzlast sicher zu stellen, muss die entsprechende Befestigungsschraube mind. 15 mm tief in den Nutenstein eingeschraubt werden.<\/p>\n","protected":false},"excerpt":{"rendered":"<p>Nutenstein-Fitting M8 f\u00fcr Sitzschiene VW T5\/T6 (Multivan\/ California\/ Caravelle) aus Aluminium, rot eloxiert &nbsp; Der Nutenstein wird in die vorhandene \u00d6ffnung der Sitzschiene eingesetzt und am besten mit einer Hilfs-Schraube an die gew\u00fcnschte Position geschoben. Durch hochziehen an der Schraube rutscht der Nutenstein durch die Magnetkraft automatisch in die vorhanden Rastnasen der Sitzschiene und ist [&#8230;]<\/p>\n","protected":false},"featured_media":5990,"comment_status":"open","ping_status":"closed","template":"","meta":[],"product_brand":[],"product_cat":[245,207],"product_tag":[160],"class_list":{"0":"post-1019","1":"product","2":"type-product","3":"status-publish","4":"has-post-thumbnail","6":"product_cat-nutensteine-fuer-sitzschienensysteme","7":"product_cat-nutensteine-fuer-sitzschienen","8":"product_tag-ladungssicherung","9":"product_shipping_class-paketversand","11":"first","12":"instock","13":"taxable","14":"shipping-taxable","15":"purchasable","16":"product-type-simple"},"_links":{"self":[{"href":"https:\/\/neovaria.eu\/shop\/wp-json\/wp\/v2\/product\/1019","targetHints":{"allow":["GET"]}}],"collection":[{"href":"https:\/\/neovaria.eu\/shop\/wp-json\/wp\/v2\/product"}],"about":[{"href":"https:\/\/neovaria.eu\/shop\/wp-json\/wp\/v2\/types\/product"}],"replies":[{"embeddable":true,"href":"https:\/\/neovaria.eu\/shop\/wp-json\/wp\/v2\/comments?post=1019"}],"wp:featuredmedia":[{"embeddable":true,"href":"https:\/\/neovaria.eu\/shop\/wp-json\/wp\/v2\/media\/5990"}],"wp:attachment":[{"href":"https:\/\/neovaria.eu\/shop\/wp-json\/wp\/v2\/media?parent=1019"}],"wp:term":[{"taxonomy":"product_brand","embeddable":true,"href":"https:\/\/neovaria.eu\/shop\/wp-json\/wp\/v2\/product_brand?post=1019"},{"taxonomy":"product_cat","embeddable":true,"href":"https:\/\/neovaria.eu\/shop\/wp-json\/wp\/v2\/product_cat?post=1019"},{"taxonomy":"product_tag","embeddable":true,"href":"https:\/\/neovaria.eu\/shop\/wp-json\/wp\/v2\/product_tag?post=1019"}],"curies":[{"name":"wp","href":"https:\/\/api.w.org\/{rel}","templated":true}]}}