{"id":99,"date":"2013-08-11T19:06:15","date_gmt":"2013-08-11T19:06:15","guid":{"rendered":"http:\/\/localhost:8888\/test\/?page_id=520"},"modified":"2025-08-03T22:36:03","modified_gmt":"2025-08-03T20:36:03","slug":"about","status":"publish","type":"page","link":"https:\/\/neovaria.eu\/shop\/elements\/pages\/about\/","title":{"rendered":"\u00dcber uns"},"content":{"rendered":"\t\t<div data-elementor-type=\"wp-page\" data-elementor-id=\"99\" class=\"elementor elementor-99\">\n\t\t\t\t<div class=\"elementor-element elementor-element-5337d3a e-flex e-con-boxed e-con e-parent\" data-id=\"5337d3a\" data-element_type=\"container\" data-e-type=\"container\">\n\t\t\t\t\t<div class=\"e-con-inner\">\n\t\t\t\t<div class=\"elementor-element elementor-element-da4e153 elementor-widget elementor-widget-text-editor\" data-id=\"da4e153\" data-element_type=\"widget\" data-e-type=\"widget\" data-widget_type=\"text-editor.default\">\n\t\t\t\t\t\t\t\t\t\n<h1 data-id=\"page#0-0-0-0\">\u00dcber Neovaria, wer wir sind und was ist unsere Motivation\u2026<\/h1>\n<p>Die Neovaria OHG wurde von 2 Gesellschaftern als Einkaufsgesellschaft gegr\u00fcndet, beide Gesellschafter f\u00fchren bereits erfolgreiche Unternehmen im Bereich Fahrzeugeinrichtungen\/Fahrzeugbau. Die Neovaria wird zum einen entsprechende Einkaufsvorteile, als auch eine B\u00fcndelung von Lieferanten erzielen, damit sich unsere Kunden auf das Wesentliche im Tagesgesch\u00e4ft konzentrieren zu k\u00f6nnen.<\/p>\n<p><strong>Was bedeutet Neovaria?<\/strong><br \/>Neovaria ist ein Phantasiename, jedoch eine Ableitung der Bedeutung von den nachstehenden Begriffen und somit auch die Beschreibung unserer Philosophie: Neo (von altgriechisch \u03bd\u03ad\u03bf\u03c2 n\u00e9os \u201aneu&#8216;, \u201afrisch&#8216;, \u201ajung&#8216;, aber auch \u201aungew\u00f6hnlich&#8216;, \u201arevolution\u00e4r&#8216;)<br \/>Variabel (aus lat. vari\u0101re &#8218;Mannigfaltigkeit, Abwechslung in etw. bringen, ver\u00e4ndern, bunt machen, verschieden, bunt sein, (ab)wechseln, ver\u00e4nderlich sein&#8216;)<\/p>\n<p>\u00a0<\/p>\n<h2>Die Gr\u00fcnder sind<\/h2>\n\t\t\t\t\t\t\t\t<\/div>\n\t\t\t\t\t<\/div>\n\t\t\t\t<\/div>\n\t\t<div class=\"elementor-element elementor-element-85a0e25 e-grid e-con-boxed e-con e-parent\" data-id=\"85a0e25\" data-element_type=\"container\" data-e-type=\"container\">\n\t\t\t\t\t<div class=\"e-con-inner\">\n\t\t\t\t<div class=\"elementor-element elementor-element-9bd3f11 elementor-widget__width-initial elementor-widget elementor-widget-image\" data-id=\"9bd3f11\" data-element_type=\"widget\" data-e-type=\"widget\" data-widget_type=\"image.default\">\n\t\t\t\t\t\t\t\t\t\t\t\t<figure class=\"wp-caption\">\n\t\t\t\t\t\t\t\t\t\t<img fetchpriority=\"high\" decoding=\"async\" width=\"280\" height=\"280\" src=\"https:\/\/neovaria.eu\/shop\/wp-content\/uploads\/2020\/12\/2-280x280.jpg\" class=\"attachment-thumbnail size-thumbnail wp-image-515\" alt=\"Matthias Becker\" srcset=\"https:\/\/neovaria.eu\/shop\/wp-content\/uploads\/2020\/12\/2-280x280.jpg 280w, https:\/\/neovaria.eu\/shop\/wp-content\/uploads\/2020\/12\/2-300x300.jpg 300w, https:\/\/neovaria.eu\/shop\/wp-content\/uploads\/2020\/12\/2-scaled-200x200.jpg 200w, https:\/\/neovaria.eu\/shop\/wp-content\/uploads\/2020\/12\/2-100x100.jpg 100w\" sizes=\"(max-width: 280px) 100vw, 280px\" title=\"\">\t\t\t\t\t\t\t\t\t\t\t<figcaption class=\"widget-image-caption wp-caption-text\">Matthias Becker<\/figcaption>\n\t\t\t\t\t\t\t\t\t\t<\/figure>\n\t\t\t\t\t\t\t\t\t<\/div>\n\t\t\t\t<div class=\"elementor-element elementor-element-cec4004 elementor-widget elementor-widget-text-editor\" data-id=\"cec4004\" data-element_type=\"widget\" data-e-type=\"widget\" data-widget_type=\"text-editor.default\">\n\t\t\t\t\t\t\t\t\t<p>Der Reiz von neuen, innovativen Produkten ist sicherlich einer der ausschlaggebenden Impulse zur Gr\u00fcndung der Neovaria mit Norman Held gewesen. Zudem verbindet uns eine gleiche Arbeitsmoral, die auf Vertrauen, schnellen Reaktionszeiten und kurzen Entscheidungswegen beruht.<br \/>Meine Begeisterung f\u00fcr hochwertige Produkte im Bereich der Fahrzeugeinrichtungen wurde bereits als Jugendlicher geweckt. Das erste Taschengeld habe ich mit der Montage von Einrichtungssystemen im v\u00e4terlichen Betrieb verdient und dadurch einen praktischen Bezug und sehr gute Warenkenntnis erlangt. Nach meiner Ausbildung zum Gro\u00df- und Au\u00dfenhandelskaufmann und dem Studium im Bereich Business Administration bin ich 2010 in den Familienbetrieb eingestiegen. Seitdem arbeite ich mit meinem Team kontinuierlich daran, den Bedarf unserer Kunden zun\u00e4chst zu ermitteln und anschlie\u00dfend im Detail zu erf\u00fcllen. Dabei steht immer das perfekte Ergebnis, und nicht der billigste Verkaufspreis im Fokus meiner Bem\u00fchungen. Die Entwicklung des Unternehmens innerhalb der vergangenen zehn Jahre ist durch Weiterentwicklung und stetigen Wachstum gekennzeichnet.<\/p>\n<p>Lieblingsmotto: #stillstandistr\u00fcckschritt<\/p>\t\t\t\t\t\t\t\t<\/div>\n\t\t\t\t\t<\/div>\n\t\t\t\t<\/div>\n\t\t<div class=\"elementor-element elementor-element-16a62a7 e-grid e-con-boxed e-con e-parent\" data-id=\"16a62a7\" data-element_type=\"container\" data-e-type=\"container\">\n\t\t\t\t\t<div class=\"e-con-inner\">\n\t\t\t\t<div class=\"elementor-element elementor-element-cc6d95a elementor-widget__width-initial elementor-widget elementor-widget-image\" data-id=\"cc6d95a\" data-element_type=\"widget\" data-e-type=\"widget\" data-widget_type=\"image.default\">\n\t\t\t\t\t\t\t\t\t\t\t\t<figure class=\"wp-caption\">\n\t\t\t\t\t\t\t\t\t\t<img decoding=\"async\" width=\"280\" height=\"280\" src=\"https:\/\/neovaria.eu\/shop\/wp-content\/uploads\/2020\/12\/4-280x280.jpg\" class=\"attachment-thumbnail size-thumbnail wp-image-517\" alt=\"Norman Held\" srcset=\"https:\/\/neovaria.eu\/shop\/wp-content\/uploads\/2020\/12\/4-280x280.jpg 280w, https:\/\/neovaria.eu\/shop\/wp-content\/uploads\/2020\/12\/4-300x300.jpg 300w, https:\/\/neovaria.eu\/shop\/wp-content\/uploads\/2020\/12\/4-scaled-200x200.jpg 200w, https:\/\/neovaria.eu\/shop\/wp-content\/uploads\/2020\/12\/4-100x100.jpg 100w\" sizes=\"(max-width: 280px) 100vw, 280px\" title=\"\">\t\t\t\t\t\t\t\t\t\t\t<figcaption class=\"widget-image-caption wp-caption-text\">Norman Held<\/figcaption>\n\t\t\t\t\t\t\t\t\t\t<\/figure>\n\t\t\t\t\t\t\t\t\t<\/div>\n\t\t\t\t<div class=\"elementor-element elementor-element-76a5a33 elementor-widget elementor-widget-text-editor\" data-id=\"76a5a33\" data-element_type=\"widget\" data-e-type=\"widget\" data-widget_type=\"text-editor.default\">\n\t\t\t\t\t\t\t\t\t<p>Den Beruf des Karosserie- und Fahrzeugbauer bei Auto-Schach GmbH &amp; Co. KG gelernt, anschlie\u00dfend Fahrzeugtechnik an der FH M\u00fcnchen studiert und wieder in den Ausbildungsbetrieb zur\u00fcckgekehrt. Dort die Verantwortung f\u00fcr die Nutzfahrzeugabteilung \u00fcbernommen und schlie\u00dflich als gesch\u00e4ftsf\u00fchrender Gesellschafter im Zuge einer Nachfolgeregelung in die Gesellschaft eingetreten. Im Lauf der Jahre kontinuierliche Ausbau und Weiterentwicklung der Gesch\u00e4ftsfelder LKW-Karosseriereparaturen, klassischer Fahrzeugbau, individueller Fahrzeugbau und Fahrzeugausbau im Blaulichtbereich, sowie Fahrzeugeinrichtungen. Letzteres f\u00fchrte schlie\u00dflich \u00fcber einen regen Erfahrungsaustausch zur Gr\u00fcndung der Neovaria OHG mit Matthias Becker.<br \/>Lieblingsmotto: #einfachmachen<\/p>\t\t\t\t\t\t\t\t<\/div>\n\t\t\t\t\t<\/div>\n\t\t\t\t<\/div>\n\t\t\t\t<\/div>\n\t\t","protected":false},"excerpt":{"rendered":"<p>Matthias Becker Der Reiz von neuen, innovativen Produkten ist sicherlich einer der ausschlaggebenden Impulse zur Gr\u00fcndung der Neovaria mit Norman Held gewesen. Zudem verbindet uns eine gleiche Arbeitsmoral, die auf Vertrauen, schnellen Reaktionszeiten und kurzen Entscheidungswegen beruht.Meine Begeisterung f\u00fcr hochwertige Produkte im Bereich der Fahrzeugeinrichtungen wurde bereits als Jugendlicher geweckt. Das erste Taschengeld habe ich [&#8230;]<\/p>\n","protected":false},"author":1,"featured_media":0,"parent":57,"menu_order":0,"comment_status":"closed","ping_status":"closed","template":"","meta":{"footnotes":""},"class_list":["post-99","page","type-page","status-publish","hentry"],"_links":{"self":[{"href":"https:\/\/neovaria.eu\/shop\/wp-json\/wp\/v2\/pages\/99","targetHints":{"allow":["GET"]}}],"collection":[{"href":"https:\/\/neovaria.eu\/shop\/wp-json\/wp\/v2\/pages"}],"about":[{"href":"https:\/\/neovaria.eu\/shop\/wp-json\/wp\/v2\/types\/page"}],"author":[{"embeddable":true,"href":"https:\/\/neovaria.eu\/shop\/wp-json\/wp\/v2\/users\/1"}],"replies":[{"embeddable":true,"href":"https:\/\/neovaria.eu\/shop\/wp-json\/wp\/v2\/comments?post=99"}],"version-history":[{"count":21,"href":"https:\/\/neovaria.eu\/shop\/wp-json\/wp\/v2\/pages\/99\/revisions"}],"predecessor-version":[{"id":5796,"href":"https:\/\/neovaria.eu\/shop\/wp-json\/wp\/v2\/pages\/99\/revisions\/5796"}],"up":[{"embeddable":true,"href":"https:\/\/neovaria.eu\/shop\/wp-json\/wp\/v2\/pages\/57"}],"wp:attachment":[{"href":"https:\/\/neovaria.eu\/shop\/wp-json\/wp\/v2\/media?parent=99"}],"curies":[{"name":"wp","href":"https:\/\/api.w.org\/{rel}","templated":true}]}}