{"id":416,"date":"2020-11-16T17:36:42","date_gmt":"2020-11-16T16:36:42","guid":{"rendered":"https:\/\/neovaria.eu\/shop\/versand__lieferung\/"},"modified":"2021-02-06T09:21:05","modified_gmt":"2021-02-06T08:21:05","slug":"versand__lieferung","status":"publish","type":"page","link":"https:\/\/neovaria.eu\/shop\/versand__lieferung\/","title":{"rendered":"Versand &#038; Lieferung"},"content":{"rendered":"\n<p><strong>Preise, Versandkosten und Lieferinformationen<\/strong><\/p>\n<p>Die auf den Produktseiten genannten Preise sind Nettopreise und enthalten keine gesetzliche Mehrwertsteuer und sonstigen Preisbestandteile.<\/p>\n<p>Wir liefern nur innerhalb Deutschland.<\/p>\n<p>Einen Gro\u00dfteil unserer Produkte liefern wir versandkostenfrei.<\/p>\n<p>Produkte die auf Grund ihrer Gr\u00f6\u00dfe, ihres Gewicht oder sonstige Eigenschaften nicht versandkostenfrei geliefert werden k\u00f6nnen, werden von uns in Gruppen eingeteilt und mit einer Versandkostenpauschale belegt.<\/p>\n<p>Die Versandkostenpauschale f\u00fcr das betreffende Produkt wird einzeln ausgewiesen. Werden Produkte mit unterschiedlich hohen Versandkostenpauschalen gekauft, so gilt in Summe nur die h\u00f6here Versandkostenpauschale pro Bestellung.<\/p>\n<p>Die Versandkosten werden Ihnen im Warenkorbsystem und auf der Bestellseite nochmals deutlich mitgeteilt.<\/p>\n","protected":false},"excerpt":{"rendered":"","protected":false},"author":1,"featured_media":0,"parent":0,"menu_order":0,"comment_status":"closed","ping_status":"closed","template":"","meta":{"footnotes":""},"class_list":["post-416","page","type-page","status-publish","hentry"],"_links":{"self":[{"href":"https:\/\/neovaria.eu\/shop\/wp-json\/wp\/v2\/pages\/416","targetHints":{"allow":["GET"]}}],"collection":[{"href":"https:\/\/neovaria.eu\/shop\/wp-json\/wp\/v2\/pages"}],"about":[{"href":"https:\/\/neovaria.eu\/shop\/wp-json\/wp\/v2\/types\/page"}],"author":[{"embeddable":true,"href":"https:\/\/neovaria.eu\/shop\/wp-json\/wp\/v2\/users\/1"}],"replies":[{"embeddable":true,"href":"https:\/\/neovaria.eu\/shop\/wp-json\/wp\/v2\/comments?post=416"}],"version-history":[{"count":3,"href":"https:\/\/neovaria.eu\/shop\/wp-json\/wp\/v2\/pages\/416\/revisions"}],"predecessor-version":[{"id":779,"href":"https:\/\/neovaria.eu\/shop\/wp-json\/wp\/v2\/pages\/416\/revisions\/779"}],"wp:attachment":[{"href":"https:\/\/neovaria.eu\/shop\/wp-json\/wp\/v2\/media?parent=416"}],"curies":[{"name":"wp","href":"https:\/\/api.w.org\/{rel}","templated":true}]}}